{"id":8554,"date":"2021-01-05T11:42:34","date_gmt":"2021-01-05T09:42:34","guid":{"rendered":"https:\/\/www.identifire.at\/?page_id=8554"},"modified":"2024-04-02T11:28:23","modified_gmt":"2024-04-02T09:28:23","slug":"recruiting","status":"publish","type":"page","link":"https:\/\/www.identifire.at\/en\/what\/recruiting","title":{"rendered":"Recruiting &#038; Organization: How does the employer brand push HR processes?"},"content":{"rendered":"\n<div style=\"height:50px\" aria-hidden=\"true\" class=\"wp-block-spacer\"><\/div>\n\n\n\n<div class=\"wp-block-columns has-2-columns is-layout-flex wp-container-core-columns-is-layout-9d6595d7 wp-block-columns-is-layout-flex\">\n<div class=\"wp-block-column is-layout-flow wp-block-column-is-layout-flow\">\n<figure class=\"wp-block-image size-large\"><img decoding=\"async\" src=\"https:\/\/www.identifire.at\/wp-content\/uploads\/2022\/10\/2022_Recruiting-und-Organisation_500x333px.jpg\" alt=\"Remote-culture-unternehmenskultur-identifire\"\/><\/figure>\n<\/div>\n\n\n\n<div class=\"wp-block-column is-layout-flow wp-block-column-is-layout-flow\">\n<p>Do you react on demand and get lost in operational recruiting? With us, you step out of this fire-fighting mode. Because: Employer brands develop best along efficient HR processes. Employer branding projects are a good occasion: Let&#8217;s also take a look at the HR organisation &#8211; have all roles and responsibilities been clarified? How much room for manoeuvre does HR have within the organisation? Does HR have the know-how and the capacity for strategic action? Are employees and candidates the focus of HR work?<\/p>\n\n\n\n<p>&nbsp;<\/p>\n<\/div>\n<\/div>\n\n\n\n<div class=\"wp-block-columns has-3-columns is-layout-flex wp-container-core-columns-is-layout-9d6595d7 wp-block-columns-is-layout-flex\">\n<div class=\"wp-block-column is-layout-flow wp-block-column-is-layout-flow\">\n<h3 class=\"wp-block-heading klammer\"><strong>Strategically position HR-organizations<\/strong><\/h3>\n\n\n\n<p>We find the common thread that employer branding, HR marketing and recruiting pull together to fill vacancies with the right people. This requires new forms of cooperation &#8211; also beyond the boundaries of the HR department.<\/p>\n<\/div>\n\n\n\n<div class=\"wp-block-column is-layout-flow wp-block-column-is-layout-flow\">\n<h3 class=\"wp-block-heading klammer\">Designing efficient recruiting processes<\/h3>\n\n\n\n<p>KPIs are a useful complement to the Big Picture. With a suitable KPI system, we improve the costs and efficiency of your recruiting measures. This way you fill the right channels and lose fewer candidates along the way.<\/p>\n<\/div>\n\n\n\n<div class=\"wp-block-column is-layout-flow wp-block-column-is-layout-flow\">\n<h3 class=\"wp-block-heading klammer\">Developing a sales mindset<\/h3>\n\n\n\n<p>Not all interviews are conducted or accompanied by experienced recruiters. Through identifire<sup>\u00ae<\/sup> coaching, managers and junior recruiters learn how they can contribute to a coherent and distinctive candidate journey.<\/p>\n<\/div>\n<\/div>\n","protected":false},"excerpt":{"rendered":"<p>Do you react on demand and get lost in operational recruiting? With us, you step out of this fire-fighting mode. Because: Employer brands develop best along efficient HR processes. Employer branding projects are a good occasion: Let&#8217;s also take a look at the HR organisation &#8211; have all roles and responsibilities been clarified? How much [&hellip;]<\/p>\n","protected":false},"author":5,"featured_media":11464,"parent":5985,"menu_order":7,"comment_status":"closed","ping_status":"closed","template":"","meta":{"_acf_changed":false,"footnotes":""},"class_list":["post-8554","page","type-page","status-publish","has-post-thumbnail","hentry"],"acf":[],"yoast_head":"<!-- This site is optimized with the Yoast SEO plugin v27.3 - https:\/\/yoast.com\/product\/yoast-seo-wordpress\/ -->\n<title>Recruiting &amp; Organization: How does the employer brand push HR processes?<\/title>\n<meta name=\"description\" content=\"New ideas, concepts and approaches for recruiting. How does the employer brand push HR processes? \u27a4 Read more!\" \/>\n<meta name=\"robots\" content=\"index, follow, max-snippet:-1, max-image-preview:large, max-video-preview:-1\" \/>\n<link rel=\"canonical\" href=\"https:\/\/www.identifire.at\/en\/what\/recruiting\" \/>\n<meta property=\"og:locale\" content=\"en_US\" \/>\n<meta property=\"og:type\" content=\"article\" \/>\n<meta property=\"og:title\" content=\"Recruiting &amp; Organization: How does the employer brand push HR processes?\" \/>\n<meta property=\"og:description\" content=\"New ideas, concepts and approaches for recruiting. How does the employer brand push HR processes? \u27a4 Read more!\" \/>\n<meta property=\"og:url\" content=\"https:\/\/www.identifire.at\/en\/what\/recruiting\" \/>\n<meta property=\"og:site_name\" content=\"Identifire\" \/>\n<meta property=\"article:modified_time\" content=\"2024-04-02T09:28:23+00:00\" \/>\n<meta property=\"og:image\" content=\"https:\/\/www.identifire.at\/wp-content\/uploads\/2022\/12\/Recruiting-Workshop_Janine-1.jpg\" \/>\n\t<meta property=\"og:image:width\" content=\"544\" \/>\n\t<meta property=\"og:image:height\" content=\"299\" \/>\n\t<meta property=\"og:image:type\" content=\"image\/jpeg\" \/>\n<meta name=\"twitter:card\" content=\"summary_large_image\" \/>\n<meta name=\"twitter:label1\" content=\"Est. reading time\" \/>\n\t<meta name=\"twitter:data1\" content=\"2 minutes\" \/>\n<script type=\"application\/ld+json\" class=\"yoast-schema-graph\">{\"@context\":\"https:\\\/\\\/schema.org\",\"@graph\":[{\"@type\":\"WebPage\",\"@id\":\"https:\\\/\\\/www.identifire.at\\\/en\\\/what\\\/recruiting\",\"url\":\"https:\\\/\\\/www.identifire.at\\\/en\\\/what\\\/recruiting\",\"name\":\"Recruiting & Organization: How does the employer brand push HR processes?\",\"isPartOf\":{\"@id\":\"https:\\\/\\\/www.identifire.at\\\/#website\"},\"primaryImageOfPage\":{\"@id\":\"https:\\\/\\\/www.identifire.at\\\/en\\\/what\\\/recruiting#primaryimage\"},\"image\":{\"@id\":\"https:\\\/\\\/www.identifire.at\\\/en\\\/what\\\/recruiting#primaryimage\"},\"thumbnailUrl\":\"https:\\\/\\\/www.identifire.at\\\/wp-content\\\/uploads\\\/2022\\\/12\\\/Recruiting-Workshop_Janine-1.jpg\",\"datePublished\":\"2021-01-05T09:42:34+00:00\",\"dateModified\":\"2024-04-02T09:28:23+00:00\",\"description\":\"New ideas, concepts and approaches for recruiting. How does the employer brand push HR processes? \u27a4 Read more!\",\"breadcrumb\":{\"@id\":\"https:\\\/\\\/www.identifire.at\\\/en\\\/what\\\/recruiting#breadcrumb\"},\"inLanguage\":\"en-US\",\"potentialAction\":[{\"@type\":\"ReadAction\",\"target\":[\"https:\\\/\\\/www.identifire.at\\\/en\\\/what\\\/recruiting\"]}]},{\"@type\":\"ImageObject\",\"inLanguage\":\"en-US\",\"@id\":\"https:\\\/\\\/www.identifire.at\\\/en\\\/what\\\/recruiting#primaryimage\",\"url\":\"https:\\\/\\\/www.identifire.at\\\/wp-content\\\/uploads\\\/2022\\\/12\\\/Recruiting-Workshop_Janine-1.jpg\",\"contentUrl\":\"https:\\\/\\\/www.identifire.at\\\/wp-content\\\/uploads\\\/2022\\\/12\\\/Recruiting-Workshop_Janine-1.jpg\",\"width\":544,\"height\":299},{\"@type\":\"BreadcrumbList\",\"@id\":\"https:\\\/\\\/www.identifire.at\\\/en\\\/what\\\/recruiting#breadcrumb\",\"itemListElement\":[{\"@type\":\"ListItem\",\"position\":1,\"name\":\"Startseite\",\"item\":\"https:\\\/\\\/www.identifire.at\\\/en\"},{\"@type\":\"ListItem\",\"position\":2,\"name\":\"Services\",\"item\":\"https:\\\/\\\/www.identifire.at\\\/was\"},{\"@type\":\"ListItem\",\"position\":3,\"name\":\"Recruiting &#038; Organization: How does the employer brand push HR processes?\"}]},{\"@type\":\"WebSite\",\"@id\":\"https:\\\/\\\/www.identifire.at\\\/#website\",\"url\":\"https:\\\/\\\/www.identifire.at\\\/\",\"name\":\"Identifire\",\"description\":\"\u00d6sterreichs 1. Employer Branding Agentur. In 15 Jahren konnten wir bereits \u00fcber 300 Kunden dabei unterst\u00fctzen, ihre Corporate Culture nachhaltig zu verbessern.\",\"potentialAction\":[{\"@type\":\"SearchAction\",\"target\":{\"@type\":\"EntryPoint\",\"urlTemplate\":\"https:\\\/\\\/www.identifire.at\\\/?s={search_term_string}\"},\"query-input\":{\"@type\":\"PropertyValueSpecification\",\"valueRequired\":true,\"valueName\":\"search_term_string\"}}],\"inLanguage\":\"en-US\"}]}<\/script>\n<!-- \/ Yoast SEO plugin. -->","yoast_head_json":{"title":"Recruiting & Organization: How does the employer brand push HR processes?","description":"New ideas, concepts and approaches for recruiting. How does the employer brand push HR processes? \u27a4 Read more!","robots":{"index":"index","follow":"follow","max-snippet":"max-snippet:-1","max-image-preview":"max-image-preview:large","max-video-preview":"max-video-preview:-1"},"canonical":"https:\/\/www.identifire.at\/en\/what\/recruiting","og_locale":"en_US","og_type":"article","og_title":"Recruiting & Organization: How does the employer brand push HR processes?","og_description":"New ideas, concepts and approaches for recruiting. How does the employer brand push HR processes? \u27a4 Read more!","og_url":"https:\/\/www.identifire.at\/en\/what\/recruiting","og_site_name":"Identifire","article_modified_time":"2024-04-02T09:28:23+00:00","og_image":[{"width":544,"height":299,"url":"https:\/\/www.identifire.at\/wp-content\/uploads\/2022\/12\/Recruiting-Workshop_Janine-1.jpg","type":"image\/jpeg"}],"twitter_card":"summary_large_image","twitter_misc":{"Est. reading time":"2 minutes"},"schema":{"@context":"https:\/\/schema.org","@graph":[{"@type":"WebPage","@id":"https:\/\/www.identifire.at\/en\/what\/recruiting","url":"https:\/\/www.identifire.at\/en\/what\/recruiting","name":"Recruiting & Organization: How does the employer brand push HR processes?","isPartOf":{"@id":"https:\/\/www.identifire.at\/#website"},"primaryImageOfPage":{"@id":"https:\/\/www.identifire.at\/en\/what\/recruiting#primaryimage"},"image":{"@id":"https:\/\/www.identifire.at\/en\/what\/recruiting#primaryimage"},"thumbnailUrl":"https:\/\/www.identifire.at\/wp-content\/uploads\/2022\/12\/Recruiting-Workshop_Janine-1.jpg","datePublished":"2021-01-05T09:42:34+00:00","dateModified":"2024-04-02T09:28:23+00:00","description":"New ideas, concepts and approaches for recruiting. How does the employer brand push HR processes? \u27a4 Read more!","breadcrumb":{"@id":"https:\/\/www.identifire.at\/en\/what\/recruiting#breadcrumb"},"inLanguage":"en-US","potentialAction":[{"@type":"ReadAction","target":["https:\/\/www.identifire.at\/en\/what\/recruiting"]}]},{"@type":"ImageObject","inLanguage":"en-US","@id":"https:\/\/www.identifire.at\/en\/what\/recruiting#primaryimage","url":"https:\/\/www.identifire.at\/wp-content\/uploads\/2022\/12\/Recruiting-Workshop_Janine-1.jpg","contentUrl":"https:\/\/www.identifire.at\/wp-content\/uploads\/2022\/12\/Recruiting-Workshop_Janine-1.jpg","width":544,"height":299},{"@type":"BreadcrumbList","@id":"https:\/\/www.identifire.at\/en\/what\/recruiting#breadcrumb","itemListElement":[{"@type":"ListItem","position":1,"name":"Startseite","item":"https:\/\/www.identifire.at\/en"},{"@type":"ListItem","position":2,"name":"Services","item":"https:\/\/www.identifire.at\/was"},{"@type":"ListItem","position":3,"name":"Recruiting &#038; Organization: How does the employer brand push HR processes?"}]},{"@type":"WebSite","@id":"https:\/\/www.identifire.at\/#website","url":"https:\/\/www.identifire.at\/","name":"Identifire","description":"\u00d6sterreichs 1. Employer Branding Agentur. In 15 Jahren konnten wir bereits \u00fcber 300 Kunden dabei unterst\u00fctzen, ihre Corporate Culture nachhaltig zu verbessern.","potentialAction":[{"@type":"SearchAction","target":{"@type":"EntryPoint","urlTemplate":"https:\/\/www.identifire.at\/?s={search_term_string}"},"query-input":{"@type":"PropertyValueSpecification","valueRequired":true,"valueName":"search_term_string"}}],"inLanguage":"en-US"}]}},"_links":{"self":[{"href":"https:\/\/www.identifire.at\/en\/wp-json\/wp\/v2\/pages\/8554","targetHints":{"allow":["GET"]}}],"collection":[{"href":"https:\/\/www.identifire.at\/en\/wp-json\/wp\/v2\/pages"}],"about":[{"href":"https:\/\/www.identifire.at\/en\/wp-json\/wp\/v2\/types\/page"}],"author":[{"embeddable":true,"href":"https:\/\/www.identifire.at\/en\/wp-json\/wp\/v2\/users\/5"}],"replies":[{"embeddable":true,"href":"https:\/\/www.identifire.at\/en\/wp-json\/wp\/v2\/comments?post=8554"}],"version-history":[{"count":0,"href":"https:\/\/www.identifire.at\/en\/wp-json\/wp\/v2\/pages\/8554\/revisions"}],"up":[{"embeddable":true,"href":"https:\/\/www.identifire.at\/en\/wp-json\/wp\/v2\/pages\/5985"}],"wp:featuredmedia":[{"embeddable":true,"href":"https:\/\/www.identifire.at\/en\/wp-json\/wp\/v2\/media\/11464"}],"wp:attachment":[{"href":"https:\/\/www.identifire.at\/en\/wp-json\/wp\/v2\/media?parent=8554"}],"curies":[{"name":"wp","href":"https:\/\/api.w.org\/{rel}","templated":true}]}}