{"id":8550,"date":"2021-01-05T11:42:21","date_gmt":"2021-01-05T09:42:21","guid":{"rendered":"https:\/\/www.identifire.at\/?page_id=8550"},"modified":"2026-02-25T15:47:10","modified_gmt":"2026-02-25T13:47:10","slug":"employee-experience","status":"publish","type":"page","link":"https:\/\/www.identifire.at\/en\/what\/employee-experience","title":{"rendered":"Employee Experience: What makes work an experience?"},"content":{"rendered":"\n<div class=\"wp-block-columns has-2-columns is-layout-flex wp-container-core-columns-is-layout-9d6595d7 wp-block-columns-is-layout-flex\">\n<div class=\"wp-block-column is-layout-flow wp-block-column-is-layout-flow\">\n<figure class=\"wp-block-image size-large\"><img loading=\"lazy\" decoding=\"async\" width=\"527\" height=\"310\" src=\"https:\/\/www.identifire.at\/wp-content\/uploads\/2020\/12\/employee-experience-identifire-1.jpg\" alt=\"employee-experience-identifire\" class=\"wp-image-8568\" srcset=\"https:\/\/www.identifire.at\/wp-content\/uploads\/2020\/12\/employee-experience-identifire-1.jpg 527w, https:\/\/www.identifire.at\/wp-content\/uploads\/2020\/12\/employee-experience-identifire-1-300x176.jpg 300w, https:\/\/www.identifire.at\/wp-content\/uploads\/2020\/12\/employee-experience-identifire-1-90x53.jpg 90w\" sizes=\"auto, (max-width: 527px) 85vw, 527px\" \/><\/figure>\n\n\n\n<p><\/p>\n<\/div>\n\n\n\n<div class=\"wp-block-column is-layout-flow wp-block-column-is-layout-flow\">\n<p>What are the &#8220;moments that matter&#8221; that inspire talents and keep employees loyal? And how do you turn these individual experiences into a distinctive employee experience? From the first to the last point of contact, whether in the office, on the factory floor, or in a virtual space.<\/p>\n\n\n\n<p>&nbsp;<\/p>\n<\/div>\n<\/div>\n\n\n\n<div class=\"wp-block-columns has-3-columns is-layout-flex wp-container-core-columns-is-layout-9d6595d7 wp-block-columns-is-layout-flex\">\n<div class=\"wp-block-column is-layout-flow wp-block-column-is-layout-flow\">\n<h3 class=\"klammer wp-block-heading\"><strong>Identifying <\/strong><br><strong>needs<\/strong><\/h3>\n\n\n\n<p>Whether starting a job at 25, house-building-toddler-phase or changing perspectives at 48 &#8211; we identify what counts for employees in the different stages of life.&nbsp;<\/p>\n<\/div>\n\n\n\n<div class=\"wp-block-column is-layout-flow wp-block-column-is-layout-flow\">\n<h3 class=\"klammer wp-block-heading\"><strong>Doing the <\/strong><br><strong>right things right<\/strong><\/h3>\n\n\n\n<p>Knowing how expensive fluctuation is, we set smart accents in the employee lifecycle. On the one hand, we do this through participation with your teams, and on the other hand, through lateral thinking and best practice examples from us.<\/p>\n<\/div>\n\n\n\n<div class=\"wp-block-column is-layout-flow wp-block-column-is-layout-flow\">\n<h3 class=\"klammer wp-block-heading\"><strong>Surprisingly <\/strong><br><strong>good<\/strong><\/h3>\n\n\n\n<p>AHA-experiences, WOW-effects and honest support, exactly when you need it. These are &#8216;Moments that matter&#8217; &#8211; let&#8217;s find them!<\/p>\n<\/div>\n<\/div>\n","protected":false},"excerpt":{"rendered":"<p>What are the &#8220;moments that matter&#8221; that inspire talents and keep employees loyal? And how do you turn these individual experiences into a distinctive employee experience? From the first to the last point of contact, whether in the office, on the factory floor, or in a virtual space. &nbsp; Identifying needs Whether starting a job [&hellip;]<\/p>\n","protected":false},"author":5,"featured_media":0,"parent":5985,"menu_order":6,"comment_status":"closed","ping_status":"closed","template":"","meta":{"_acf_changed":true,"footnotes":""},"class_list":["post-8550","page","type-page","status-publish","hentry"],"acf":[],"yoast_head":"<!-- This site is optimized with the Yoast SEO plugin v27.3 - https:\/\/yoast.com\/product\/yoast-seo-wordpress\/ -->\n<title>Employee Experience: What makes work an experience? - Identifire<\/title>\n<meta name=\"description\" content=\"Let&#039;s find the &quot;moments that matter&quot; that inspire talents and keep employees loyal. For a distinctive employee experience.\" \/>\n<meta name=\"robots\" content=\"index, follow, max-snippet:-1, max-image-preview:large, max-video-preview:-1\" \/>\n<link rel=\"canonical\" href=\"https:\/\/www.identifire.at\/en\/what\/employee-experience\" \/>\n<meta property=\"og:locale\" content=\"en_US\" \/>\n<meta property=\"og:type\" content=\"article\" \/>\n<meta property=\"og:title\" content=\"Employee Experience: What makes work an experience? - Identifire\" \/>\n<meta property=\"og:description\" content=\"Let&#039;s find the &quot;moments that matter&quot; that inspire talents and keep employees loyal. For a distinctive employee experience.\" \/>\n<meta property=\"og:url\" content=\"https:\/\/www.identifire.at\/en\/what\/employee-experience\" \/>\n<meta property=\"og:site_name\" content=\"Identifire\" \/>\n<meta property=\"article:modified_time\" content=\"2026-02-25T13:47:10+00:00\" \/>\n<meta property=\"og:image\" content=\"https:\/\/www.identifire.at\/wp-content\/uploads\/2020\/12\/employee-experience-identifire-1.jpg\" \/>\n\t<meta property=\"og:image:width\" content=\"527\" \/>\n\t<meta property=\"og:image:height\" content=\"310\" \/>\n\t<meta property=\"og:image:type\" content=\"image\/jpeg\" \/>\n<meta name=\"twitter:card\" content=\"summary_large_image\" \/>\n<meta name=\"twitter:label1\" content=\"Est. reading time\" \/>\n\t<meta name=\"twitter:data1\" content=\"1 minute\" \/>\n<script type=\"application\/ld+json\" class=\"yoast-schema-graph\">{\"@context\":\"https:\\\/\\\/schema.org\",\"@graph\":[{\"@type\":\"WebPage\",\"@id\":\"https:\\\/\\\/www.identifire.at\\\/en\\\/what\\\/employee-experience\",\"url\":\"https:\\\/\\\/www.identifire.at\\\/en\\\/what\\\/employee-experience\",\"name\":\"Employee Experience: What makes work an experience? - Identifire\",\"isPartOf\":{\"@id\":\"https:\\\/\\\/www.identifire.at\\\/#website\"},\"primaryImageOfPage\":{\"@id\":\"https:\\\/\\\/www.identifire.at\\\/en\\\/what\\\/employee-experience#primaryimage\"},\"image\":{\"@id\":\"https:\\\/\\\/www.identifire.at\\\/en\\\/what\\\/employee-experience#primaryimage\"},\"thumbnailUrl\":\"https:\\\/\\\/www.identifire.at\\\/wp-content\\\/uploads\\\/2020\\\/12\\\/employee-experience-identifire-1.jpg\",\"datePublished\":\"2021-01-05T09:42:21+00:00\",\"dateModified\":\"2026-02-25T13:47:10+00:00\",\"description\":\"Let's find the \\\"moments that matter\\\" that inspire talents and keep employees loyal. For a distinctive employee experience.\",\"breadcrumb\":{\"@id\":\"https:\\\/\\\/www.identifire.at\\\/en\\\/what\\\/employee-experience#breadcrumb\"},\"inLanguage\":\"en-US\",\"potentialAction\":[{\"@type\":\"ReadAction\",\"target\":[\"https:\\\/\\\/www.identifire.at\\\/en\\\/what\\\/employee-experience\"]}]},{\"@type\":\"ImageObject\",\"inLanguage\":\"en-US\",\"@id\":\"https:\\\/\\\/www.identifire.at\\\/en\\\/what\\\/employee-experience#primaryimage\",\"url\":\"https:\\\/\\\/www.identifire.at\\\/wp-content\\\/uploads\\\/2020\\\/12\\\/employee-experience-identifire-1.jpg\",\"contentUrl\":\"https:\\\/\\\/www.identifire.at\\\/wp-content\\\/uploads\\\/2020\\\/12\\\/employee-experience-identifire-1.jpg\"},{\"@type\":\"BreadcrumbList\",\"@id\":\"https:\\\/\\\/www.identifire.at\\\/en\\\/what\\\/employee-experience#breadcrumb\",\"itemListElement\":[{\"@type\":\"ListItem\",\"position\":1,\"name\":\"Startseite\",\"item\":\"https:\\\/\\\/www.identifire.at\\\/en\"},{\"@type\":\"ListItem\",\"position\":2,\"name\":\"Services\",\"item\":\"https:\\\/\\\/www.identifire.at\\\/was\"},{\"@type\":\"ListItem\",\"position\":3,\"name\":\"Employee Experience: What makes work an experience?\"}]},{\"@type\":\"WebSite\",\"@id\":\"https:\\\/\\\/www.identifire.at\\\/#website\",\"url\":\"https:\\\/\\\/www.identifire.at\\\/\",\"name\":\"Identifire\",\"description\":\"\u00d6sterreichs 1. Employer Branding Agentur. In 15 Jahren konnten wir bereits \u00fcber 300 Kunden dabei unterst\u00fctzen, ihre Corporate Culture nachhaltig zu verbessern.\",\"potentialAction\":[{\"@type\":\"SearchAction\",\"target\":{\"@type\":\"EntryPoint\",\"urlTemplate\":\"https:\\\/\\\/www.identifire.at\\\/?s={search_term_string}\"},\"query-input\":{\"@type\":\"PropertyValueSpecification\",\"valueRequired\":true,\"valueName\":\"search_term_string\"}}],\"inLanguage\":\"en-US\"}]}<\/script>\n<!-- \/ Yoast SEO plugin. -->","yoast_head_json":{"title":"Employee Experience: What makes work an experience? - Identifire","description":"Let's find the \"moments that matter\" that inspire talents and keep employees loyal. For a distinctive employee experience.","robots":{"index":"index","follow":"follow","max-snippet":"max-snippet:-1","max-image-preview":"max-image-preview:large","max-video-preview":"max-video-preview:-1"},"canonical":"https:\/\/www.identifire.at\/en\/what\/employee-experience","og_locale":"en_US","og_type":"article","og_title":"Employee Experience: What makes work an experience? - Identifire","og_description":"Let's find the \"moments that matter\" that inspire talents and keep employees loyal. For a distinctive employee experience.","og_url":"https:\/\/www.identifire.at\/en\/what\/employee-experience","og_site_name":"Identifire","article_modified_time":"2026-02-25T13:47:10+00:00","og_image":[{"width":527,"height":310,"url":"https:\/\/www.identifire.at\/wp-content\/uploads\/2020\/12\/employee-experience-identifire-1.jpg","type":"image\/jpeg"}],"twitter_card":"summary_large_image","twitter_misc":{"Est. reading time":"1 minute"},"schema":{"@context":"https:\/\/schema.org","@graph":[{"@type":"WebPage","@id":"https:\/\/www.identifire.at\/en\/what\/employee-experience","url":"https:\/\/www.identifire.at\/en\/what\/employee-experience","name":"Employee Experience: What makes work an experience? - Identifire","isPartOf":{"@id":"https:\/\/www.identifire.at\/#website"},"primaryImageOfPage":{"@id":"https:\/\/www.identifire.at\/en\/what\/employee-experience#primaryimage"},"image":{"@id":"https:\/\/www.identifire.at\/en\/what\/employee-experience#primaryimage"},"thumbnailUrl":"https:\/\/www.identifire.at\/wp-content\/uploads\/2020\/12\/employee-experience-identifire-1.jpg","datePublished":"2021-01-05T09:42:21+00:00","dateModified":"2026-02-25T13:47:10+00:00","description":"Let's find the \"moments that matter\" that inspire talents and keep employees loyal. For a distinctive employee experience.","breadcrumb":{"@id":"https:\/\/www.identifire.at\/en\/what\/employee-experience#breadcrumb"},"inLanguage":"en-US","potentialAction":[{"@type":"ReadAction","target":["https:\/\/www.identifire.at\/en\/what\/employee-experience"]}]},{"@type":"ImageObject","inLanguage":"en-US","@id":"https:\/\/www.identifire.at\/en\/what\/employee-experience#primaryimage","url":"https:\/\/www.identifire.at\/wp-content\/uploads\/2020\/12\/employee-experience-identifire-1.jpg","contentUrl":"https:\/\/www.identifire.at\/wp-content\/uploads\/2020\/12\/employee-experience-identifire-1.jpg"},{"@type":"BreadcrumbList","@id":"https:\/\/www.identifire.at\/en\/what\/employee-experience#breadcrumb","itemListElement":[{"@type":"ListItem","position":1,"name":"Startseite","item":"https:\/\/www.identifire.at\/en"},{"@type":"ListItem","position":2,"name":"Services","item":"https:\/\/www.identifire.at\/was"},{"@type":"ListItem","position":3,"name":"Employee Experience: What makes work an experience?"}]},{"@type":"WebSite","@id":"https:\/\/www.identifire.at\/#website","url":"https:\/\/www.identifire.at\/","name":"Identifire","description":"\u00d6sterreichs 1. Employer Branding Agentur. In 15 Jahren konnten wir bereits \u00fcber 300 Kunden dabei unterst\u00fctzen, ihre Corporate Culture nachhaltig zu verbessern.","potentialAction":[{"@type":"SearchAction","target":{"@type":"EntryPoint","urlTemplate":"https:\/\/www.identifire.at\/?s={search_term_string}"},"query-input":{"@type":"PropertyValueSpecification","valueRequired":true,"valueName":"search_term_string"}}],"inLanguage":"en-US"}]}},"_links":{"self":[{"href":"https:\/\/www.identifire.at\/en\/wp-json\/wp\/v2\/pages\/8550","targetHints":{"allow":["GET"]}}],"collection":[{"href":"https:\/\/www.identifire.at\/en\/wp-json\/wp\/v2\/pages"}],"about":[{"href":"https:\/\/www.identifire.at\/en\/wp-json\/wp\/v2\/types\/page"}],"author":[{"embeddable":true,"href":"https:\/\/www.identifire.at\/en\/wp-json\/wp\/v2\/users\/5"}],"replies":[{"embeddable":true,"href":"https:\/\/www.identifire.at\/en\/wp-json\/wp\/v2\/comments?post=8550"}],"version-history":[{"count":0,"href":"https:\/\/www.identifire.at\/en\/wp-json\/wp\/v2\/pages\/8550\/revisions"}],"up":[{"embeddable":true,"href":"https:\/\/www.identifire.at\/en\/wp-json\/wp\/v2\/pages\/5985"}],"wp:attachment":[{"href":"https:\/\/www.identifire.at\/en\/wp-json\/wp\/v2\/media?parent=8550"}],"curies":[{"name":"wp","href":"https:\/\/api.w.org\/{rel}","templated":true}]}}