{"id":6603,"date":"2018-11-29T13:15:46","date_gmt":"2018-11-29T11:15:46","guid":{"rendered":"https:\/\/www.identifire.at\/terms-conditions"},"modified":"2025-06-30T11:45:40","modified_gmt":"2025-06-30T09:45:40","slug":"terms-conditions","status":"publish","type":"page","link":"https:\/\/www.identifire.at\/en\/terms-conditions","title":{"rendered":"Terms and Conditions"},"content":{"rendered":"\n<p><strong>General Terms and Conditions of Business<\/strong><\/p>\n\n\n\n<p><strong>Scope of application<\/strong><\/p>\n\n\n\n<p>These terms and conditions apply to all transactions between customers and the identifire partners Axel Ebert, Anif, Monika Kriwan, Vienna, Karin Krobath, Vienna and Irmgard Zirkler, Vienna (hereinafter referred to as identifire).<\/p>\n\n\n\n<p>Other terms and conditions are only valid if identifire recognises them in writing.<\/p>\n\n\n\n<p><strong>Fees, payment and retention of title<\/strong><\/p>\n\n\n\n<ul class=\"wp-block-list\">\n<li>The fee includes the preparation of the defined service including a correction stage. Expenses shall be borne by the customer (e.g. quantity copies, etc.).<\/li>\n\n\n\n<li>Payment: identifire receives the first half of the total fee at the beginning of the project, the second half will be charged at the end of the project. You pay immediately upon receipt of the invoice without deduction. In the event of late payment, we will charge standard bank interest.<\/li>\n\n\n\n<li>The work carried out remains the property of identifire until the fee has been paid in full.<\/li>\n\n\n\n<li>We grant the commissioning company the rights of use to our work exclusively for use within the scope of the commissioned project.<\/li>\n<\/ul>\n\n\n\n<p><strong>Cancellation conditions<\/strong><\/p>\n\n\n\n<p>If you cancel an order or part of an order, we will charge<\/p>\n\n\n\n<ul class=\"wp-block-list\">\n<li>50% of the order amount for cancellations up to 2 weeks before the start of work<\/li>\n\n\n\n<li>100% of the order amount for cancellations within 2 weeks before the start of work.<\/li>\n<\/ul>\n\n\n\n<p>Status:1 January 2023<\/p>\n","protected":false},"excerpt":{"rendered":"<p>General Terms and Conditions of Business Scope of application These terms and conditions apply to all transactions between customers and the identifire partners Axel Ebert, Anif, Monika Kriwan, Vienna, Karin Krobath, Vienna and Irmgard Zirkler, Vienna (hereinafter referred to as identifire). Other terms and conditions are only valid if identifire recognises them in writing. Fees, [&hellip;]<\/p>\n","protected":false},"author":5,"featured_media":0,"parent":0,"menu_order":11,"comment_status":"closed","ping_status":"closed","template":"","meta":{"_acf_changed":false,"footnotes":""},"class_list":["post-6603","page","type-page","status-publish","hentry"],"acf":[],"yoast_head":"<!-- This site is optimized with the Yoast SEO plugin v27.5 - https:\/\/yoast.com\/product\/yoast-seo-wordpress\/ -->\n<title>Terms and Conditions - Identifire<\/title>\n<meta name=\"robots\" content=\"index, follow, max-snippet:-1, max-image-preview:large, max-video-preview:-1\" \/>\n<link rel=\"canonical\" href=\"https:\/\/www.identifire.at\/en\/terms-conditions\" \/>\n<meta property=\"og:locale\" content=\"en_US\" \/>\n<meta property=\"og:type\" content=\"article\" \/>\n<meta property=\"og:title\" content=\"Terms and Conditions - Identifire\" \/>\n<meta property=\"og:description\" content=\"General Terms and Conditions of Business Scope of application These terms and conditions apply to all transactions between customers and the identifire partners Axel Ebert, Anif, Monika Kriwan, Vienna, Karin Krobath, Vienna and Irmgard Zirkler, Vienna (hereinafter referred to as identifire). Other terms and conditions are only valid if identifire recognises them in writing. Fees, [&hellip;]\" \/>\n<meta property=\"og:url\" content=\"https:\/\/www.identifire.at\/en\/terms-conditions\" \/>\n<meta property=\"og:site_name\" content=\"Identifire\" \/>\n<meta property=\"article:modified_time\" content=\"2025-06-30T09:45:40+00:00\" \/>\n<meta name=\"twitter:card\" content=\"summary_large_image\" \/>\n<meta name=\"twitter:label1\" content=\"Est. reading time\" \/>\n\t<meta name=\"twitter:data1\" content=\"2 minutes\" \/>\n<script type=\"application\/ld+json\" class=\"yoast-schema-graph\">{\"@context\":\"https:\\\/\\\/schema.org\",\"@graph\":[{\"@type\":\"WebPage\",\"@id\":\"https:\\\/\\\/www.identifire.at\\\/en\\\/terms-conditions\",\"url\":\"https:\\\/\\\/www.identifire.at\\\/en\\\/terms-conditions\",\"name\":\"Terms and Conditions - Identifire\",\"isPartOf\":{\"@id\":\"https:\\\/\\\/www.identifire.at\\\/#website\"},\"datePublished\":\"2018-11-29T11:15:46+00:00\",\"dateModified\":\"2025-06-30T09:45:40+00:00\",\"breadcrumb\":{\"@id\":\"https:\\\/\\\/www.identifire.at\\\/en\\\/terms-conditions#breadcrumb\"},\"inLanguage\":\"en-US\",\"potentialAction\":[{\"@type\":\"ReadAction\",\"target\":[\"https:\\\/\\\/www.identifire.at\\\/en\\\/terms-conditions\"]}]},{\"@type\":\"BreadcrumbList\",\"@id\":\"https:\\\/\\\/www.identifire.at\\\/en\\\/terms-conditions#breadcrumb\",\"itemListElement\":[{\"@type\":\"ListItem\",\"position\":1,\"name\":\"Startseite\",\"item\":\"https:\\\/\\\/www.identifire.at\\\/en\"},{\"@type\":\"ListItem\",\"position\":2,\"name\":\"Terms and Conditions\"}]},{\"@type\":\"WebSite\",\"@id\":\"https:\\\/\\\/www.identifire.at\\\/#website\",\"url\":\"https:\\\/\\\/www.identifire.at\\\/\",\"name\":\"Identifire\",\"description\":\"\u00d6sterreichs 1. Employer Branding Agentur. In 15 Jahren konnten wir bereits \u00fcber 300 Kunden dabei unterst\u00fctzen, ihre Corporate Culture nachhaltig zu verbessern.\",\"potentialAction\":[{\"@type\":\"SearchAction\",\"target\":{\"@type\":\"EntryPoint\",\"urlTemplate\":\"https:\\\/\\\/www.identifire.at\\\/?s={search_term_string}\"},\"query-input\":{\"@type\":\"PropertyValueSpecification\",\"valueRequired\":true,\"valueName\":\"search_term_string\"}}],\"inLanguage\":\"en-US\"}]}<\/script>\n<!-- \/ Yoast SEO plugin. -->","yoast_head_json":{"title":"Terms and Conditions - Identifire","robots":{"index":"index","follow":"follow","max-snippet":"max-snippet:-1","max-image-preview":"max-image-preview:large","max-video-preview":"max-video-preview:-1"},"canonical":"https:\/\/www.identifire.at\/en\/terms-conditions","og_locale":"en_US","og_type":"article","og_title":"Terms and Conditions - Identifire","og_description":"General Terms and Conditions of Business Scope of application These terms and conditions apply to all transactions between customers and the identifire partners Axel Ebert, Anif, Monika Kriwan, Vienna, Karin Krobath, Vienna and Irmgard Zirkler, Vienna (hereinafter referred to as identifire). Other terms and conditions are only valid if identifire recognises them in writing. Fees, [&hellip;]","og_url":"https:\/\/www.identifire.at\/en\/terms-conditions","og_site_name":"Identifire","article_modified_time":"2025-06-30T09:45:40+00:00","twitter_card":"summary_large_image","twitter_misc":{"Est. reading time":"2 minutes"},"schema":{"@context":"https:\/\/schema.org","@graph":[{"@type":"WebPage","@id":"https:\/\/www.identifire.at\/en\/terms-conditions","url":"https:\/\/www.identifire.at\/en\/terms-conditions","name":"Terms and Conditions - Identifire","isPartOf":{"@id":"https:\/\/www.identifire.at\/#website"},"datePublished":"2018-11-29T11:15:46+00:00","dateModified":"2025-06-30T09:45:40+00:00","breadcrumb":{"@id":"https:\/\/www.identifire.at\/en\/terms-conditions#breadcrumb"},"inLanguage":"en-US","potentialAction":[{"@type":"ReadAction","target":["https:\/\/www.identifire.at\/en\/terms-conditions"]}]},{"@type":"BreadcrumbList","@id":"https:\/\/www.identifire.at\/en\/terms-conditions#breadcrumb","itemListElement":[{"@type":"ListItem","position":1,"name":"Startseite","item":"https:\/\/www.identifire.at\/en"},{"@type":"ListItem","position":2,"name":"Terms and Conditions"}]},{"@type":"WebSite","@id":"https:\/\/www.identifire.at\/#website","url":"https:\/\/www.identifire.at\/","name":"Identifire","description":"\u00d6sterreichs 1. Employer Branding Agentur. In 15 Jahren konnten wir bereits \u00fcber 300 Kunden dabei unterst\u00fctzen, ihre Corporate Culture nachhaltig zu verbessern.","potentialAction":[{"@type":"SearchAction","target":{"@type":"EntryPoint","urlTemplate":"https:\/\/www.identifire.at\/?s={search_term_string}"},"query-input":{"@type":"PropertyValueSpecification","valueRequired":true,"valueName":"search_term_string"}}],"inLanguage":"en-US"}]}},"_links":{"self":[{"href":"https:\/\/www.identifire.at\/en\/wp-json\/wp\/v2\/pages\/6603","targetHints":{"allow":["GET"]}}],"collection":[{"href":"https:\/\/www.identifire.at\/en\/wp-json\/wp\/v2\/pages"}],"about":[{"href":"https:\/\/www.identifire.at\/en\/wp-json\/wp\/v2\/types\/page"}],"author":[{"embeddable":true,"href":"https:\/\/www.identifire.at\/en\/wp-json\/wp\/v2\/users\/5"}],"replies":[{"embeddable":true,"href":"https:\/\/www.identifire.at\/en\/wp-json\/wp\/v2\/comments?post=6603"}],"version-history":[{"count":0,"href":"https:\/\/www.identifire.at\/en\/wp-json\/wp\/v2\/pages\/6603\/revisions"}],"wp:attachment":[{"href":"https:\/\/www.identifire.at\/en\/wp-json\/wp\/v2\/media?parent=6603"}],"curies":[{"name":"wp","href":"https:\/\/api.w.org\/{rel}","templated":true}]}}