{"id":6522,"date":"2018-11-27T15:44:30","date_gmt":"2018-11-27T13:44:30","guid":{"rendered":"https:\/\/www.identifire.at\/what\/nachdenking"},"modified":"2026-03-05T18:03:48","modified_gmt":"2026-03-05T16:03:48","slug":"purpose","status":"publish","type":"page","link":"https:\/\/www.identifire.at\/en\/what\/purpose","title":{"rendered":"Purpose: How much meaning does your brand offer?"},"content":{"rendered":"\n<p>What meaningful purpose does your company pursue &#8211; beyond earning money? What deeper conviction do you follow that also inspires others? Whether it is your customers who buy faithfully because of it. Or your team, which likes to come to work in the morning and fills the purpose with life.<\/p>\n\n\n\n<div style=\"height:50px\" aria-hidden=\"true\" class=\"wp-block-spacer\"><\/div>\n\n\n\n<div class=\"wp-block-columns is-layout-flex wp-container-core-columns-is-layout-9d6595d7 wp-block-columns-is-layout-flex\">\n<div class=\"wp-block-column is-layout-flow wp-block-column-is-layout-flow\">\n<h3 class=\"klammer wp-block-heading\">Analyse Purpose<\/h3>\n\n\n\n<p>What does your business idea achieve? We identify the strengths and potential of your brand and look for the inspiring energy that excites people. At the same time, we look at what is still missing and how the corporate culture needs to change.<\/p>\n<\/div>\n\n\n\n<div class=\"wp-block-column is-layout-flow wp-block-column-is-layout-flow\">\n<h3 class=\"klammer wp-block-heading\">Identify Purpose<\/h3>\n\n\n\n<p>Together with you we deepen the brand idea, look for related topics and the momentum of upcoming trends. What kind of thought leadership can you claim with your purpose? We support you with ideas, content and tools.<\/p>\n<\/div>\n\n\n\n<div class=\"wp-block-column is-layout-flow wp-block-column-is-layout-flow\">\n<h3 class=\"klammer wp-block-heading\">Combine brand with Purpose<\/h3>\n\n\n\n<p>Working out new dimensions of the brand, finding partner topics and networks &#8211; so that the purpose develops well rooted. With management events and multiplier training we deepen the connection between brand and purpose.<\/p>\n<\/div>\n<\/div>\n","protected":false},"excerpt":{"rendered":"<p>What meaningful purpose does your company pursue &#8211; beyond earning money? What deeper conviction do you follow that also inspires others? Whether it is your customers who buy faithfully because of it. Or your team, which likes to come to work in the morning and fills the purpose with life. Analyse Purpose What does your [&hellip;]<\/p>\n","protected":false},"author":5,"featured_media":8456,"parent":5985,"menu_order":5,"comment_status":"closed","ping_status":"closed","template":"","meta":{"_acf_changed":true,"footnotes":""},"class_list":["post-6522","page","type-page","status-publish","has-post-thumbnail","hentry"],"acf":[],"yoast_head":"<!-- This site is optimized with the Yoast SEO plugin v27.4 - https:\/\/yoast.com\/product\/yoast-seo-wordpress\/ -->\n<title>Purpose: How much meaning does your brand offer? - Identifire<\/title>\n<meta name=\"description\" content=\"We identify the strengths and potential of your brand and look for the inspiring energy that excites people. Let&#039;s find your purpose.\" \/>\n<meta name=\"robots\" content=\"index, follow, max-snippet:-1, max-image-preview:large, max-video-preview:-1\" \/>\n<link rel=\"canonical\" href=\"https:\/\/www.identifire.at\/en\/what\/purpose\" \/>\n<meta property=\"og:locale\" content=\"en_US\" \/>\n<meta property=\"og:type\" content=\"article\" \/>\n<meta property=\"og:title\" content=\"Purpose: How much meaning does your brand offer? - Identifire\" \/>\n<meta property=\"og:description\" content=\"We identify the strengths and potential of your brand and look for the inspiring energy that excites people. Let&#039;s find your purpose.\" \/>\n<meta property=\"og:url\" content=\"https:\/\/www.identifire.at\/en\/what\/purpose\" \/>\n<meta property=\"og:site_name\" content=\"Identifire\" \/>\n<meta property=\"article:modified_time\" content=\"2026-03-05T16:03:48+00:00\" \/>\n<meta property=\"og:image\" content=\"https:\/\/www.identifire.at\/wp-content\/uploads\/2020\/11\/Purpose-Employer-Branding-identifire.jpg\" \/>\n\t<meta property=\"og:image:width\" content=\"780\" \/>\n\t<meta property=\"og:image:height\" content=\"442\" \/>\n\t<meta property=\"og:image:type\" content=\"image\/jpeg\" \/>\n<meta name=\"twitter:card\" content=\"summary_large_image\" \/>\n<meta name=\"twitter:label1\" content=\"Est. reading time\" \/>\n\t<meta name=\"twitter:data1\" content=\"2 minutes\" \/>\n<script type=\"application\/ld+json\" class=\"yoast-schema-graph\">{\"@context\":\"https:\\\/\\\/schema.org\",\"@graph\":[{\"@type\":\"WebPage\",\"@id\":\"https:\\\/\\\/www.identifire.at\\\/en\\\/what\\\/purpose\",\"url\":\"https:\\\/\\\/www.identifire.at\\\/en\\\/what\\\/purpose\",\"name\":\"Purpose: How much meaning does your brand offer? - Identifire\",\"isPartOf\":{\"@id\":\"https:\\\/\\\/www.identifire.at\\\/#website\"},\"primaryImageOfPage\":{\"@id\":\"https:\\\/\\\/www.identifire.at\\\/en\\\/what\\\/purpose#primaryimage\"},\"image\":{\"@id\":\"https:\\\/\\\/www.identifire.at\\\/en\\\/what\\\/purpose#primaryimage\"},\"thumbnailUrl\":\"https:\\\/\\\/www.identifire.at\\\/wp-content\\\/uploads\\\/2020\\\/11\\\/Purpose-Employer-Branding-identifire.jpg\",\"datePublished\":\"2018-11-27T13:44:30+00:00\",\"dateModified\":\"2026-03-05T16:03:48+00:00\",\"description\":\"We identify the strengths and potential of your brand and look for the inspiring energy that excites people. Let's find your purpose.\",\"breadcrumb\":{\"@id\":\"https:\\\/\\\/www.identifire.at\\\/en\\\/what\\\/purpose#breadcrumb\"},\"inLanguage\":\"en-US\",\"potentialAction\":[{\"@type\":\"ReadAction\",\"target\":[\"https:\\\/\\\/www.identifire.at\\\/en\\\/what\\\/purpose\"]}]},{\"@type\":\"ImageObject\",\"inLanguage\":\"en-US\",\"@id\":\"https:\\\/\\\/www.identifire.at\\\/en\\\/what\\\/purpose#primaryimage\",\"url\":\"https:\\\/\\\/www.identifire.at\\\/wp-content\\\/uploads\\\/2020\\\/11\\\/Purpose-Employer-Branding-identifire.jpg\",\"contentUrl\":\"https:\\\/\\\/www.identifire.at\\\/wp-content\\\/uploads\\\/2020\\\/11\\\/Purpose-Employer-Branding-identifire.jpg\",\"width\":780,\"height\":442,\"caption\":\"Purpose-Employer-Branding-identifire\"},{\"@type\":\"BreadcrumbList\",\"@id\":\"https:\\\/\\\/www.identifire.at\\\/en\\\/what\\\/purpose#breadcrumb\",\"itemListElement\":[{\"@type\":\"ListItem\",\"position\":1,\"name\":\"Startseite\",\"item\":\"https:\\\/\\\/www.identifire.at\\\/en\"},{\"@type\":\"ListItem\",\"position\":2,\"name\":\"Services\",\"item\":\"https:\\\/\\\/www.identifire.at\\\/was\"},{\"@type\":\"ListItem\",\"position\":3,\"name\":\"Purpose: How much meaning does your brand offer?\"}]},{\"@type\":\"WebSite\",\"@id\":\"https:\\\/\\\/www.identifire.at\\\/#website\",\"url\":\"https:\\\/\\\/www.identifire.at\\\/\",\"name\":\"Identifire\",\"description\":\"\u00d6sterreichs 1. Employer Branding Agentur. In 15 Jahren konnten wir bereits \u00fcber 300 Kunden dabei unterst\u00fctzen, ihre Corporate Culture nachhaltig zu verbessern.\",\"potentialAction\":[{\"@type\":\"SearchAction\",\"target\":{\"@type\":\"EntryPoint\",\"urlTemplate\":\"https:\\\/\\\/www.identifire.at\\\/?s={search_term_string}\"},\"query-input\":{\"@type\":\"PropertyValueSpecification\",\"valueRequired\":true,\"valueName\":\"search_term_string\"}}],\"inLanguage\":\"en-US\"}]}<\/script>\n<!-- \/ Yoast SEO plugin. -->","yoast_head_json":{"title":"Purpose: How much meaning does your brand offer? - Identifire","description":"We identify the strengths and potential of your brand and look for the inspiring energy that excites people. Let's find your purpose.","robots":{"index":"index","follow":"follow","max-snippet":"max-snippet:-1","max-image-preview":"max-image-preview:large","max-video-preview":"max-video-preview:-1"},"canonical":"https:\/\/www.identifire.at\/en\/what\/purpose","og_locale":"en_US","og_type":"article","og_title":"Purpose: How much meaning does your brand offer? - Identifire","og_description":"We identify the strengths and potential of your brand and look for the inspiring energy that excites people. Let's find your purpose.","og_url":"https:\/\/www.identifire.at\/en\/what\/purpose","og_site_name":"Identifire","article_modified_time":"2026-03-05T16:03:48+00:00","og_image":[{"width":780,"height":442,"url":"https:\/\/www.identifire.at\/wp-content\/uploads\/2020\/11\/Purpose-Employer-Branding-identifire.jpg","type":"image\/jpeg"}],"twitter_card":"summary_large_image","twitter_misc":{"Est. reading time":"2 minutes"},"schema":{"@context":"https:\/\/schema.org","@graph":[{"@type":"WebPage","@id":"https:\/\/www.identifire.at\/en\/what\/purpose","url":"https:\/\/www.identifire.at\/en\/what\/purpose","name":"Purpose: How much meaning does your brand offer? - Identifire","isPartOf":{"@id":"https:\/\/www.identifire.at\/#website"},"primaryImageOfPage":{"@id":"https:\/\/www.identifire.at\/en\/what\/purpose#primaryimage"},"image":{"@id":"https:\/\/www.identifire.at\/en\/what\/purpose#primaryimage"},"thumbnailUrl":"https:\/\/www.identifire.at\/wp-content\/uploads\/2020\/11\/Purpose-Employer-Branding-identifire.jpg","datePublished":"2018-11-27T13:44:30+00:00","dateModified":"2026-03-05T16:03:48+00:00","description":"We identify the strengths and potential of your brand and look for the inspiring energy that excites people. Let's find your purpose.","breadcrumb":{"@id":"https:\/\/www.identifire.at\/en\/what\/purpose#breadcrumb"},"inLanguage":"en-US","potentialAction":[{"@type":"ReadAction","target":["https:\/\/www.identifire.at\/en\/what\/purpose"]}]},{"@type":"ImageObject","inLanguage":"en-US","@id":"https:\/\/www.identifire.at\/en\/what\/purpose#primaryimage","url":"https:\/\/www.identifire.at\/wp-content\/uploads\/2020\/11\/Purpose-Employer-Branding-identifire.jpg","contentUrl":"https:\/\/www.identifire.at\/wp-content\/uploads\/2020\/11\/Purpose-Employer-Branding-identifire.jpg","width":780,"height":442,"caption":"Purpose-Employer-Branding-identifire"},{"@type":"BreadcrumbList","@id":"https:\/\/www.identifire.at\/en\/what\/purpose#breadcrumb","itemListElement":[{"@type":"ListItem","position":1,"name":"Startseite","item":"https:\/\/www.identifire.at\/en"},{"@type":"ListItem","position":2,"name":"Services","item":"https:\/\/www.identifire.at\/was"},{"@type":"ListItem","position":3,"name":"Purpose: How much meaning does your brand offer?"}]},{"@type":"WebSite","@id":"https:\/\/www.identifire.at\/#website","url":"https:\/\/www.identifire.at\/","name":"Identifire","description":"\u00d6sterreichs 1. Employer Branding Agentur. In 15 Jahren konnten wir bereits \u00fcber 300 Kunden dabei unterst\u00fctzen, ihre Corporate Culture nachhaltig zu verbessern.","potentialAction":[{"@type":"SearchAction","target":{"@type":"EntryPoint","urlTemplate":"https:\/\/www.identifire.at\/?s={search_term_string}"},"query-input":{"@type":"PropertyValueSpecification","valueRequired":true,"valueName":"search_term_string"}}],"inLanguage":"en-US"}]}},"_links":{"self":[{"href":"https:\/\/www.identifire.at\/en\/wp-json\/wp\/v2\/pages\/6522","targetHints":{"allow":["GET"]}}],"collection":[{"href":"https:\/\/www.identifire.at\/en\/wp-json\/wp\/v2\/pages"}],"about":[{"href":"https:\/\/www.identifire.at\/en\/wp-json\/wp\/v2\/types\/page"}],"author":[{"embeddable":true,"href":"https:\/\/www.identifire.at\/en\/wp-json\/wp\/v2\/users\/5"}],"replies":[{"embeddable":true,"href":"https:\/\/www.identifire.at\/en\/wp-json\/wp\/v2\/comments?post=6522"}],"version-history":[{"count":0,"href":"https:\/\/www.identifire.at\/en\/wp-json\/wp\/v2\/pages\/6522\/revisions"}],"up":[{"embeddable":true,"href":"https:\/\/www.identifire.at\/en\/wp-json\/wp\/v2\/pages\/5985"}],"wp:featuredmedia":[{"embeddable":true,"href":"https:\/\/www.identifire.at\/en\/wp-json\/wp\/v2\/media\/8456"}],"wp:attachment":[{"href":"https:\/\/www.identifire.at\/en\/wp-json\/wp\/v2\/media?parent=6522"}],"curies":[{"name":"wp","href":"https:\/\/api.w.org\/{rel}","templated":true}]}}