{"id":5988,"date":"2018-11-23T16:36:38","date_gmt":"2018-11-23T14:36:38","guid":{"rendered":"https:\/\/www.identifire.at\/home"},"modified":"2026-02-25T15:25:41","modified_gmt":"2026-02-25T13:25:41","slug":"startseite","status":"publish","type":"page","link":"https:\/\/www.identifire.at\/en","title":{"rendered":"Home"},"content":{"rendered":"\n<h1 class=\"wp-block-heading has-text-align-center\">Austria&#8217;s 1<sup>st<\/sup> Employer Branding Agency<br>Over 500 projects in 20 years<br><br><\/h1>\n\n\n\n<div class=\"wp-block-columns has-3-columns is-layout-flex wp-container-core-columns-is-layout-9d6595d7 wp-block-columns-is-layout-flex\">\n<div class=\"wp-block-column is-layout-flow wp-block-column-is-layout-flow\">\n<h3 class=\"wp-block-heading\"><a href=\"https:\/\/www.identifire.at\/en\/what\/employer-branding\">Employer Branding<\/a><\/h3>\n\n\n\n<p>Are you sharp enough <br>as an employer?<\/p>\n\n\n\n<div class=\"wp-block-button\"><a class=\"wp-block-button__link has-luminous-vivid-orange-background-color has-background wp-element-button\" href=\"https:\/\/www.identifire.at\/en\/what\/employer-branding\">Learn more<\/a><\/div>\n<\/div>\n\n\n\n<div class=\"wp-block-column is-layout-flow wp-block-column-is-layout-flow\">\n<h3 class=\"wp-block-heading\"><a href=\"https:\/\/www.identifire.at\/en\/what\/corporate-culture\">Corporate Culture<\/a><\/h3>\n\n\n\n<p>Is your culture <br>an engine or a brake?<\/p>\n\n\n\n<div class=\"wp-block-button\"><a class=\"wp-block-button__link has-luminous-vivid-orange-background-color has-background wp-element-button\" href=\"https:\/\/www.identifire.at\/en\/what\/corporate-culture\">Learn more<\/a><\/div>\n<\/div>\n\n\n\n<div class=\"wp-block-column is-layout-flow wp-block-column-is-layout-flow\">\n<h3 class=\"wp-block-heading\"><a href=\"https:\/\/www.identifire.at\/en\/what\/nachdenking\">Purpose<\/a><\/h3>\n\n\n\n<p>How much meaning does <br>your brand offer?<\/p>\n\n\n\n<div class=\"wp-block-button\"><a class=\"wp-block-button__link has-luminous-vivid-orange-background-color has-background wp-element-button\" href=\"https:\/\/www.identifire.at\/en\/what\/purpose\">Learn more<\/a><\/div>\n<\/div>\n<\/div>\n\n\n\n<div class=\"wp-block-columns has-3-columns is-layout-flex wp-container-core-columns-is-layout-9d6595d7 wp-block-columns-is-layout-flex\">\n<div class=\"wp-block-column is-layout-flow wp-block-column-is-layout-flow\">\n<h3 class=\"wp-block-heading\"><a href=\"https:\/\/www.identifire.at\/en\/what\/employee-experience\">Employee Experience<\/a><\/h3>\n\n\n\n<p>What makes work <br>an experience?<\/p>\n\n\n\n<div class=\"wp-block-button\"><a class=\"wp-block-button__link has-luminous-vivid-orange-background-color has-background wp-element-button\" href=\"https:\/\/www.identifire.at\/en\/what\/employee-experience\">Learn more<\/a><\/div>\n<\/div>\n\n\n\n<div class=\"wp-block-column is-layout-flow wp-block-column-is-layout-flow\">\n<h3 class=\"wp-block-heading\"><a href=\"https:\/\/www.identifire.at\/en\/what\/culture_and_career\">Culture &amp; Career<\/a><\/h3>\n\n\n\n<p>Do your Culture Champions<br>have growth paths?<\/p>\n\n\n\n<div class=\"wp-block-button\"><a class=\"wp-block-button__link has-luminous-vivid-orange-background-color has-background wp-element-button\" href=\"https:\/\/www.identifire.at\/en\/what\/culture_and_career\">Learn more<\/a><\/div>\n<\/div>\n\n\n\n<div class=\"wp-block-column is-layout-flow wp-block-column-is-layout-flow\">\n<h3 class=\"wp-block-heading\"><a href=\"https:\/\/www.identifire.at\/en\/what\/nachdenking\">Brand &amp; Language<\/a><\/h3>\n\n\n\n<p>How do you use<br>language to stand out?<\/p>\n\n\n\n<div class=\"wp-block-button\"><a class=\"wp-block-button__link has-luminous-vivid-orange-background-color has-background wp-element-button\" href=\"https:\/\/www.identifire.at\/en\/what\/brand-and-language\">Learn more<\/a><\/div>\n<\/div>\n<\/div>\n\n\n\n<p><\/p>\n","protected":false},"excerpt":{"rendered":"<p>Austria&#8217;s 1st Employer Branding AgencyOver 500 projects in 20 years Employer Branding Are you sharp enough as an employer? Corporate Culture Is your culture an engine or a brake? Purpose How much meaning does your brand offer? Employee Experience What makes work an experience? Culture &amp; Career Do your Culture Championshave growth paths? Brand &amp; [&hellip;]<\/p>\n","protected":false},"author":5,"featured_media":14022,"parent":0,"menu_order":1,"comment_status":"closed","ping_status":"closed","template":"templates\/home.php","meta":{"_acf_changed":false,"footnotes":""},"class_list":["post-5988","page","type-page","status-publish","has-post-thumbnail","hentry"],"acf":[],"yoast_head":"<!-- This site is optimized with the Yoast SEO plugin v27.5 - https:\/\/yoast.com\/product\/yoast-seo-wordpress\/ -->\n<title>Employer Branding Agency Austria with Cultur Strategy | Identifire<\/title>\n<meta name=\"description\" content=\"Looking for an Employer Branding Agency in Austria? Identifire develops clear employer brands, strengthens culture and attracts the right talent.\" \/>\n<meta name=\"robots\" content=\"index, follow, max-snippet:-1, max-image-preview:large, max-video-preview:-1\" \/>\n<link rel=\"canonical\" href=\"https:\/\/www.identifire.at\/en\" \/>\n<meta property=\"og:locale\" content=\"en_US\" \/>\n<meta property=\"og:type\" content=\"article\" \/>\n<meta property=\"og:title\" content=\"Employer Branding Agency Austria with Cultur Strategy | Identifire\" \/>\n<meta property=\"og:description\" content=\"Looking for an Employer Branding Agency in Austria? Identifire develops clear employer brands, strengthens culture and attracts the right talent.\" \/>\n<meta property=\"og:url\" content=\"https:\/\/www.identifire.at\/en\" \/>\n<meta property=\"og:site_name\" content=\"Identifire\" \/>\n<meta property=\"article:modified_time\" content=\"2026-02-25T13:25:41+00:00\" \/>\n<meta property=\"og:image\" content=\"https:\/\/www.identifire.at\/wp-content\/uploads\/2025\/02\/identifire-logo-jobbotschafter-base-camp.jpg\" \/>\n\t<meta property=\"og:image:width\" content=\"816\" \/>\n\t<meta property=\"og:image:height\" content=\"408\" \/>\n\t<meta property=\"og:image:type\" content=\"image\/jpeg\" \/>\n<meta name=\"twitter:card\" content=\"summary_large_image\" \/>\n<meta name=\"twitter:label1\" content=\"Est. reading time\" \/>\n\t<meta name=\"twitter:data1\" content=\"1 minute\" \/>\n<script type=\"application\/ld+json\" class=\"yoast-schema-graph\">{\"@context\":\"https:\\\/\\\/schema.org\",\"@graph\":[{\"@type\":\"WebPage\",\"@id\":\"https:\\\/\\\/www.identifire.at\\\/en\",\"url\":\"https:\\\/\\\/www.identifire.at\\\/en\",\"name\":\"Employer Branding Agency Austria with Cultur Strategy | Identifire\",\"isPartOf\":{\"@id\":\"https:\\\/\\\/www.identifire.at\\\/#website\"},\"primaryImageOfPage\":{\"@id\":\"https:\\\/\\\/www.identifire.at\\\/en#primaryimage\"},\"image\":{\"@id\":\"https:\\\/\\\/www.identifire.at\\\/en#primaryimage\"},\"thumbnailUrl\":\"https:\\\/\\\/www.identifire.at\\\/wp-content\\\/uploads\\\/2025\\\/02\\\/identifire-logo-jobbotschafter-base-camp.jpg\",\"datePublished\":\"2018-11-23T14:36:38+00:00\",\"dateModified\":\"2026-02-25T13:25:41+00:00\",\"description\":\"Looking for an Employer Branding Agency in Austria? Identifire develops clear employer brands, strengthens culture and attracts the right talent.\",\"breadcrumb\":{\"@id\":\"https:\\\/\\\/www.identifire.at\\\/en#breadcrumb\"},\"inLanguage\":\"en-US\",\"potentialAction\":[{\"@type\":\"ReadAction\",\"target\":[\"https:\\\/\\\/www.identifire.at\\\/en\"]}]},{\"@type\":\"ImageObject\",\"inLanguage\":\"en-US\",\"@id\":\"https:\\\/\\\/www.identifire.at\\\/en#primaryimage\",\"url\":\"https:\\\/\\\/www.identifire.at\\\/wp-content\\\/uploads\\\/2025\\\/02\\\/identifire-logo-jobbotschafter-base-camp.jpg\",\"contentUrl\":\"https:\\\/\\\/www.identifire.at\\\/wp-content\\\/uploads\\\/2025\\\/02\\\/identifire-logo-jobbotschafter-base-camp.jpg\",\"width\":816,\"height\":408},{\"@type\":\"BreadcrumbList\",\"@id\":\"https:\\\/\\\/www.identifire.at\\\/en#breadcrumb\",\"itemListElement\":[{\"@type\":\"ListItem\",\"position\":1,\"name\":\"Startseite\",\"item\":\"https:\\\/\\\/www.identifire.at\\\/en\"},{\"@type\":\"ListItem\",\"position\":2,\"name\":\"Home\"}]},{\"@type\":\"WebSite\",\"@id\":\"https:\\\/\\\/www.identifire.at\\\/#website\",\"url\":\"https:\\\/\\\/www.identifire.at\\\/\",\"name\":\"Identifire\",\"description\":\"\u00d6sterreichs 1. Employer Branding Agentur. In 15 Jahren konnten wir bereits \u00fcber 300 Kunden dabei unterst\u00fctzen, ihre Corporate Culture nachhaltig zu verbessern.\",\"potentialAction\":[{\"@type\":\"SearchAction\",\"target\":{\"@type\":\"EntryPoint\",\"urlTemplate\":\"https:\\\/\\\/www.identifire.at\\\/?s={search_term_string}\"},\"query-input\":{\"@type\":\"PropertyValueSpecification\",\"valueRequired\":true,\"valueName\":\"search_term_string\"}}],\"inLanguage\":\"en-US\"}]}<\/script>\n<!-- \/ Yoast SEO plugin. -->","yoast_head_json":{"title":"Employer Branding Agency Austria with Cultur Strategy | Identifire","description":"Looking for an Employer Branding Agency in Austria? Identifire develops clear employer brands, strengthens culture and attracts the right talent.","robots":{"index":"index","follow":"follow","max-snippet":"max-snippet:-1","max-image-preview":"max-image-preview:large","max-video-preview":"max-video-preview:-1"},"canonical":"https:\/\/www.identifire.at\/en","og_locale":"en_US","og_type":"article","og_title":"Employer Branding Agency Austria with Cultur Strategy | Identifire","og_description":"Looking for an Employer Branding Agency in Austria? Identifire develops clear employer brands, strengthens culture and attracts the right talent.","og_url":"https:\/\/www.identifire.at\/en","og_site_name":"Identifire","article_modified_time":"2026-02-25T13:25:41+00:00","og_image":[{"width":816,"height":408,"url":"https:\/\/www.identifire.at\/wp-content\/uploads\/2025\/02\/identifire-logo-jobbotschafter-base-camp.jpg","type":"image\/jpeg"}],"twitter_card":"summary_large_image","twitter_misc":{"Est. reading time":"1 minute"},"schema":{"@context":"https:\/\/schema.org","@graph":[{"@type":"WebPage","@id":"https:\/\/www.identifire.at\/en","url":"https:\/\/www.identifire.at\/en","name":"Employer Branding Agency Austria with Cultur Strategy | Identifire","isPartOf":{"@id":"https:\/\/www.identifire.at\/#website"},"primaryImageOfPage":{"@id":"https:\/\/www.identifire.at\/en#primaryimage"},"image":{"@id":"https:\/\/www.identifire.at\/en#primaryimage"},"thumbnailUrl":"https:\/\/www.identifire.at\/wp-content\/uploads\/2025\/02\/identifire-logo-jobbotschafter-base-camp.jpg","datePublished":"2018-11-23T14:36:38+00:00","dateModified":"2026-02-25T13:25:41+00:00","description":"Looking for an Employer Branding Agency in Austria? Identifire develops clear employer brands, strengthens culture and attracts the right talent.","breadcrumb":{"@id":"https:\/\/www.identifire.at\/en#breadcrumb"},"inLanguage":"en-US","potentialAction":[{"@type":"ReadAction","target":["https:\/\/www.identifire.at\/en"]}]},{"@type":"ImageObject","inLanguage":"en-US","@id":"https:\/\/www.identifire.at\/en#primaryimage","url":"https:\/\/www.identifire.at\/wp-content\/uploads\/2025\/02\/identifire-logo-jobbotschafter-base-camp.jpg","contentUrl":"https:\/\/www.identifire.at\/wp-content\/uploads\/2025\/02\/identifire-logo-jobbotschafter-base-camp.jpg","width":816,"height":408},{"@type":"BreadcrumbList","@id":"https:\/\/www.identifire.at\/en#breadcrumb","itemListElement":[{"@type":"ListItem","position":1,"name":"Startseite","item":"https:\/\/www.identifire.at\/en"},{"@type":"ListItem","position":2,"name":"Home"}]},{"@type":"WebSite","@id":"https:\/\/www.identifire.at\/#website","url":"https:\/\/www.identifire.at\/","name":"Identifire","description":"\u00d6sterreichs 1. Employer Branding Agentur. In 15 Jahren konnten wir bereits \u00fcber 300 Kunden dabei unterst\u00fctzen, ihre Corporate Culture nachhaltig zu verbessern.","potentialAction":[{"@type":"SearchAction","target":{"@type":"EntryPoint","urlTemplate":"https:\/\/www.identifire.at\/?s={search_term_string}"},"query-input":{"@type":"PropertyValueSpecification","valueRequired":true,"valueName":"search_term_string"}}],"inLanguage":"en-US"}]}},"_links":{"self":[{"href":"https:\/\/www.identifire.at\/en\/wp-json\/wp\/v2\/pages\/5988","targetHints":{"allow":["GET"]}}],"collection":[{"href":"https:\/\/www.identifire.at\/en\/wp-json\/wp\/v2\/pages"}],"about":[{"href":"https:\/\/www.identifire.at\/en\/wp-json\/wp\/v2\/types\/page"}],"author":[{"embeddable":true,"href":"https:\/\/www.identifire.at\/en\/wp-json\/wp\/v2\/users\/5"}],"replies":[{"embeddable":true,"href":"https:\/\/www.identifire.at\/en\/wp-json\/wp\/v2\/comments?post=5988"}],"version-history":[{"count":0,"href":"https:\/\/www.identifire.at\/en\/wp-json\/wp\/v2\/pages\/5988\/revisions"}],"wp:featuredmedia":[{"embeddable":true,"href":"https:\/\/www.identifire.at\/en\/wp-json\/wp\/v2\/media\/14022"}],"wp:attachment":[{"href":"https:\/\/www.identifire.at\/en\/wp-json\/wp\/v2\/media?parent=5988"}],"curies":[{"name":"wp","href":"https:\/\/api.w.org\/{rel}","templated":true}]}}