{"id":5768,"date":"2018-11-21T13:11:55","date_gmt":"2018-11-21T11:11:55","guid":{"rendered":"https:\/\/www.identifire.at\/what-makes-us-tick"},"modified":"2025-12-23T17:18:30","modified_gmt":"2025-12-23T15:18:30","slug":"what-makes-us-tick","status":"publish","type":"page","link":"https:\/\/www.identifire.at\/en\/we\/what-makes-us-tick","title":{"rendered":"Purpose &#038; Vision"},"content":{"rendered":"\n<div style=\"height:40px\" aria-hidden=\"true\" class=\"wp-block-spacer\"><\/div>\n\n\n\n<h2 class=\"wp-block-heading\">Our Purpose: Good Whybrations<strong><sup>\u00ae<\/sup><\/strong><\/h2>\n\n\n\n<p>Identifire is the energy of inspiring corporate culture &#8211; a strong purpose provides clarity for the people in the company and gives strength on the way to the goals. Therefore: We find your Good Whybrations\u00ae &#8211; your &#8220;what for&#8221;, which makes people vibrate well together.<\/p>\n\n\n\n<h2 class=\"wp-block-heading\">Our Vision: From better to good<\/h2>\n\n\n\n<p>We are not driven by the ambition to do it better, but by the will to do it right. So that companies do not run after the market but follow a meaningful idea. And thus, inspire people who want to buy their products or apply for a job. Not every mission has to save the world. But to provide answers to relevant questions.<\/p>\n\n\n\n<h2 class=\"wp-block-heading\">We work according to our values<\/h2>\n\n\n\n<div class=\"wp-block-columns has-3-columns is-layout-flex wp-container-core-columns-is-layout-9d6595d7 wp-block-columns-is-layout-flex\">\n<div class=\"wp-block-column is-layout-flow wp-block-column-is-layout-flow\"><div class=\"wp-block-image\">\n<figure class=\"aligncenter is-resized\"><img loading=\"lazy\" decoding=\"async\" width=\"134\" height=\"134\" src=\"https:\/\/www.identifire.at\/wp-content\/uploads\/2018\/11\/symbol-inspire@2x-1.png\" alt=\"\" class=\"wp-image-5541\" style=\"width:101px;height:101px\"\/><\/figure>\n<\/div>\n\n\n<p class=\"has-text-align-center\">Because the brand\u2019s passion ignites a strong corporate culture.<\/p>\n<\/div>\n\n\n\n<div class=\"wp-block-column is-layout-flow wp-block-column-is-layout-flow\"><div class=\"wp-block-image\">\n<figure class=\"aligncenter is-resized\"><img loading=\"lazy\" decoding=\"async\" width=\"134\" height=\"134\" src=\"https:\/\/www.identifire.at\/wp-content\/uploads\/2018\/11\/symbol-involve@2x.png\" alt=\"\" class=\"wp-image-5543\" style=\"width:101px;height:101px\"\/><\/figure>\n<\/div>\n\n\n<p class=\"has-text-align-center\">Because brand ambassadors are essential to help the spark catch.<\/p>\n<\/div>\n\n\n\n<div class=\"wp-block-column is-layout-flow wp-block-column-is-layout-flow\"><div class=\"wp-block-image\">\n<figure class=\"aligncenter is-resized\"><img loading=\"lazy\" decoding=\"async\" width=\"134\" height=\"134\" src=\"https:\/\/www.identifire.at\/wp-content\/uploads\/2018\/11\/symbol-impact@2x.png\" alt=\"\" class=\"wp-image-5545\" style=\"width:101px;height:101px\"\/><\/figure>\n<\/div>\n\n\n<p class=\"has-text-align-center\">Because companies are more successful when they shine from within.<\/p>\n<\/div>\n<\/div>\n\n\n\n\n","protected":false},"excerpt":{"rendered":"<p>Our Purpose: Good Whybrations\u00ae Identifire is the energy of inspiring corporate culture &#8211; a strong purpose provides clarity for the people in the company and gives strength on the way to the goals. Therefore: We find your Good Whybrations\u00ae &#8211; your &#8220;what for&#8221;, which makes people vibrate well together. Our Vision: From better to good [&hellip;]<\/p>\n","protected":false},"author":5,"featured_media":0,"parent":5984,"menu_order":0,"comment_status":"closed","ping_status":"closed","template":"","meta":{"_acf_changed":false,"footnotes":""},"class_list":["post-5768","page","type-page","status-publish","hentry"],"acf":[],"yoast_head":"<!-- This site is optimized with the Yoast SEO plugin v27.3 - https:\/\/yoast.com\/product\/yoast-seo-wordpress\/ -->\n<title>Purpose &amp; Vision - Identifire<\/title>\n<meta name=\"robots\" content=\"index, follow, max-snippet:-1, max-image-preview:large, max-video-preview:-1\" \/>\n<link rel=\"canonical\" href=\"https:\/\/www.identifire.at\/en\/we\/what-makes-us-tick\" \/>\n<meta property=\"og:locale\" content=\"en_US\" \/>\n<meta property=\"og:type\" content=\"article\" \/>\n<meta property=\"og:title\" content=\"Purpose &amp; Vision - Identifire\" \/>\n<meta property=\"og:description\" content=\"Our Purpose: Good Whybrations\u00ae Identifire is the energy of inspiring corporate culture &#8211; a strong purpose provides clarity for the people in the company and gives strength on the way to the goals. Therefore: We find your Good Whybrations\u00ae &#8211; your &#8220;what for&#8221;, which makes people vibrate well together. Our Vision: From better to good [&hellip;]\" \/>\n<meta property=\"og:url\" content=\"https:\/\/www.identifire.at\/en\/we\/what-makes-us-tick\" \/>\n<meta property=\"og:site_name\" content=\"Identifire\" \/>\n<meta property=\"article:modified_time\" content=\"2025-12-23T15:18:30+00:00\" \/>\n<meta property=\"og:image\" content=\"https:\/\/www.identifire.at\/wp-content\/uploads\/2018\/11\/symbol-inspire@2x-1.png\" \/>\n\t<meta property=\"og:image:width\" content=\"134\" \/>\n\t<meta property=\"og:image:height\" content=\"134\" \/>\n\t<meta property=\"og:image:type\" content=\"image\/png\" \/>\n<meta name=\"twitter:card\" content=\"summary_large_image\" \/>\n<meta name=\"twitter:label1\" content=\"Est. reading time\" \/>\n\t<meta name=\"twitter:data1\" content=\"2 minutes\" \/>\n<script type=\"application\/ld+json\" class=\"yoast-schema-graph\">{\"@context\":\"https:\\\/\\\/schema.org\",\"@graph\":[{\"@type\":\"WebPage\",\"@id\":\"https:\\\/\\\/www.identifire.at\\\/en\\\/we\\\/what-makes-us-tick\",\"url\":\"https:\\\/\\\/www.identifire.at\\\/en\\\/we\\\/what-makes-us-tick\",\"name\":\"Purpose & Vision - Identifire\",\"isPartOf\":{\"@id\":\"https:\\\/\\\/www.identifire.at\\\/#website\"},\"primaryImageOfPage\":{\"@id\":\"https:\\\/\\\/www.identifire.at\\\/en\\\/we\\\/what-makes-us-tick#primaryimage\"},\"image\":{\"@id\":\"https:\\\/\\\/www.identifire.at\\\/en\\\/we\\\/what-makes-us-tick#primaryimage\"},\"thumbnailUrl\":\"https:\\\/\\\/www.identifire.at\\\/wp-content\\\/uploads\\\/2018\\\/11\\\/symbol-inspire@2x-1.png\",\"datePublished\":\"2018-11-21T11:11:55+00:00\",\"dateModified\":\"2025-12-23T15:18:30+00:00\",\"breadcrumb\":{\"@id\":\"https:\\\/\\\/www.identifire.at\\\/en\\\/we\\\/what-makes-us-tick#breadcrumb\"},\"inLanguage\":\"en-US\",\"potentialAction\":[{\"@type\":\"ReadAction\",\"target\":[\"https:\\\/\\\/www.identifire.at\\\/en\\\/we\\\/what-makes-us-tick\"]}]},{\"@type\":\"ImageObject\",\"inLanguage\":\"en-US\",\"@id\":\"https:\\\/\\\/www.identifire.at\\\/en\\\/we\\\/what-makes-us-tick#primaryimage\",\"url\":\"https:\\\/\\\/www.identifire.at\\\/wp-content\\\/uploads\\\/2018\\\/11\\\/symbol-inspire@2x-1.png\",\"contentUrl\":\"https:\\\/\\\/www.identifire.at\\\/wp-content\\\/uploads\\\/2018\\\/11\\\/symbol-inspire@2x-1.png\"},{\"@type\":\"BreadcrumbList\",\"@id\":\"https:\\\/\\\/www.identifire.at\\\/en\\\/we\\\/what-makes-us-tick#breadcrumb\",\"itemListElement\":[{\"@type\":\"ListItem\",\"position\":1,\"name\":\"Startseite\",\"item\":\"https:\\\/\\\/www.identifire.at\\\/en\"},{\"@type\":\"ListItem\",\"position\":2,\"name\":\"About\",\"item\":\"https:\\\/\\\/www.identifire.at\\\/en\\\/we\"},{\"@type\":\"ListItem\",\"position\":3,\"name\":\"Purpose &#038; Vision\"}]},{\"@type\":\"WebSite\",\"@id\":\"https:\\\/\\\/www.identifire.at\\\/#website\",\"url\":\"https:\\\/\\\/www.identifire.at\\\/\",\"name\":\"Identifire\",\"description\":\"\u00d6sterreichs 1. Employer Branding Agentur. In 15 Jahren konnten wir bereits \u00fcber 300 Kunden dabei unterst\u00fctzen, ihre Corporate Culture nachhaltig zu verbessern.\",\"potentialAction\":[{\"@type\":\"SearchAction\",\"target\":{\"@type\":\"EntryPoint\",\"urlTemplate\":\"https:\\\/\\\/www.identifire.at\\\/?s={search_term_string}\"},\"query-input\":{\"@type\":\"PropertyValueSpecification\",\"valueRequired\":true,\"valueName\":\"search_term_string\"}}],\"inLanguage\":\"en-US\"}]}<\/script>\n<!-- \/ Yoast SEO plugin. -->","yoast_head_json":{"title":"Purpose & Vision - Identifire","robots":{"index":"index","follow":"follow","max-snippet":"max-snippet:-1","max-image-preview":"max-image-preview:large","max-video-preview":"max-video-preview:-1"},"canonical":"https:\/\/www.identifire.at\/en\/we\/what-makes-us-tick","og_locale":"en_US","og_type":"article","og_title":"Purpose & Vision - Identifire","og_description":"Our Purpose: Good Whybrations\u00ae Identifire is the energy of inspiring corporate culture &#8211; a strong purpose provides clarity for the people in the company and gives strength on the way to the goals. Therefore: We find your Good Whybrations\u00ae &#8211; your &#8220;what for&#8221;, which makes people vibrate well together. Our Vision: From better to good [&hellip;]","og_url":"https:\/\/www.identifire.at\/en\/we\/what-makes-us-tick","og_site_name":"Identifire","article_modified_time":"2025-12-23T15:18:30+00:00","og_image":[{"width":134,"height":134,"url":"https:\/\/www.identifire.at\/wp-content\/uploads\/2018\/11\/symbol-inspire@2x-1.png","type":"image\/png"}],"twitter_card":"summary_large_image","twitter_misc":{"Est. reading time":"2 minutes"},"schema":{"@context":"https:\/\/schema.org","@graph":[{"@type":"WebPage","@id":"https:\/\/www.identifire.at\/en\/we\/what-makes-us-tick","url":"https:\/\/www.identifire.at\/en\/we\/what-makes-us-tick","name":"Purpose & Vision - Identifire","isPartOf":{"@id":"https:\/\/www.identifire.at\/#website"},"primaryImageOfPage":{"@id":"https:\/\/www.identifire.at\/en\/we\/what-makes-us-tick#primaryimage"},"image":{"@id":"https:\/\/www.identifire.at\/en\/we\/what-makes-us-tick#primaryimage"},"thumbnailUrl":"https:\/\/www.identifire.at\/wp-content\/uploads\/2018\/11\/symbol-inspire@2x-1.png","datePublished":"2018-11-21T11:11:55+00:00","dateModified":"2025-12-23T15:18:30+00:00","breadcrumb":{"@id":"https:\/\/www.identifire.at\/en\/we\/what-makes-us-tick#breadcrumb"},"inLanguage":"en-US","potentialAction":[{"@type":"ReadAction","target":["https:\/\/www.identifire.at\/en\/we\/what-makes-us-tick"]}]},{"@type":"ImageObject","inLanguage":"en-US","@id":"https:\/\/www.identifire.at\/en\/we\/what-makes-us-tick#primaryimage","url":"https:\/\/www.identifire.at\/wp-content\/uploads\/2018\/11\/symbol-inspire@2x-1.png","contentUrl":"https:\/\/www.identifire.at\/wp-content\/uploads\/2018\/11\/symbol-inspire@2x-1.png"},{"@type":"BreadcrumbList","@id":"https:\/\/www.identifire.at\/en\/we\/what-makes-us-tick#breadcrumb","itemListElement":[{"@type":"ListItem","position":1,"name":"Startseite","item":"https:\/\/www.identifire.at\/en"},{"@type":"ListItem","position":2,"name":"About","item":"https:\/\/www.identifire.at\/en\/we"},{"@type":"ListItem","position":3,"name":"Purpose &#038; Vision"}]},{"@type":"WebSite","@id":"https:\/\/www.identifire.at\/#website","url":"https:\/\/www.identifire.at\/","name":"Identifire","description":"\u00d6sterreichs 1. Employer Branding Agentur. In 15 Jahren konnten wir bereits \u00fcber 300 Kunden dabei unterst\u00fctzen, ihre Corporate Culture nachhaltig zu verbessern.","potentialAction":[{"@type":"SearchAction","target":{"@type":"EntryPoint","urlTemplate":"https:\/\/www.identifire.at\/?s={search_term_string}"},"query-input":{"@type":"PropertyValueSpecification","valueRequired":true,"valueName":"search_term_string"}}],"inLanguage":"en-US"}]}},"_links":{"self":[{"href":"https:\/\/www.identifire.at\/en\/wp-json\/wp\/v2\/pages\/5768","targetHints":{"allow":["GET"]}}],"collection":[{"href":"https:\/\/www.identifire.at\/en\/wp-json\/wp\/v2\/pages"}],"about":[{"href":"https:\/\/www.identifire.at\/en\/wp-json\/wp\/v2\/types\/page"}],"author":[{"embeddable":true,"href":"https:\/\/www.identifire.at\/en\/wp-json\/wp\/v2\/users\/5"}],"replies":[{"embeddable":true,"href":"https:\/\/www.identifire.at\/en\/wp-json\/wp\/v2\/comments?post=5768"}],"version-history":[{"count":0,"href":"https:\/\/www.identifire.at\/en\/wp-json\/wp\/v2\/pages\/5768\/revisions"}],"up":[{"embeddable":true,"href":"https:\/\/www.identifire.at\/en\/wp-json\/wp\/v2\/pages\/5984"}],"wp:attachment":[{"href":"https:\/\/www.identifire.at\/en\/wp-json\/wp\/v2\/media?parent=5768"}],"curies":[{"name":"wp","href":"https:\/\/api.w.org\/{rel}","templated":true}]}}