{"id":5767,"date":"2018-11-21T12:57:49","date_gmt":"2018-11-21T10:57:49","guid":{"rendered":"https:\/\/www.identifire.at\/corporate-culture"},"modified":"2026-03-05T17:59:31","modified_gmt":"2026-03-05T15:59:31","slug":"corporate-culture","status":"publish","type":"page","link":"https:\/\/www.identifire.at\/en\/what\/corporate-culture","title":{"rendered":"Corporate Culture: Is your culture an engine or a brake?"},"content":{"rendered":"\n<div class=\"wp-block-columns has-2-columns is-layout-flex wp-container-core-columns-is-layout-9d6595d7 wp-block-columns-is-layout-flex\">\n<div class=\"wp-block-column is-layout-flow wp-block-column-is-layout-flow\">\n<figure class=\"wp-block-image size-large is-resized\"><img loading=\"lazy\" decoding=\"async\" width=\"780\" height=\"442\" src=\"https:\/\/www.identifire.at\/wp-content\/uploads\/2020\/11\/Corporate-culture-identifire.jpg\" alt=\"Corporate-culture-identifire\" class=\"wp-image-8460\" style=\"width:390px;height:221px\" srcset=\"https:\/\/www.identifire.at\/wp-content\/uploads\/2020\/11\/Corporate-culture-identifire.jpg 780w, https:\/\/www.identifire.at\/wp-content\/uploads\/2020\/11\/Corporate-culture-identifire-300x170.jpg 300w, https:\/\/www.identifire.at\/wp-content\/uploads\/2020\/11\/Corporate-culture-identifire-768x435.jpg 768w, https:\/\/www.identifire.at\/wp-content\/uploads\/2020\/11\/Corporate-culture-identifire-90x51.jpg 90w\" sizes=\"auto, (max-width: 780px) 85vw, 780px\" \/><\/figure>\n\n\n\n<p><\/p>\n<\/div>\n\n\n\n<div class=\"wp-block-column is-layout-flow wp-block-column-is-layout-flow\">\n<p>Corporate culture can be a showstopper when digitisation or changed market conditions demand flexibility. It becomes a real brake when people don&#8217;t see the sense behind a necessary change. It can also become an engine, however, when a new mindset emerges from the brand and strategy.<\/p>\n\n\n\n<p>&nbsp;<\/p>\n<\/div>\n<\/div>\n\n\n\n<div class=\"wp-block-columns has-3-columns is-layout-flex wp-container-core-columns-is-layout-9d6595d7 wp-block-columns-is-layout-flex\">\n<div class=\"wp-block-column is-layout-flow wp-block-column-is-layout-flow\">\n<h3 class=\"wp-block-heading klammer\">Getting to know the culture<\/h3>\n\n\n\n<p>We identify behavioral patterns that prevent the company from developing. Using tools such as eigenland<sup>\u00ae<\/sup>, we hunt for the inspiring energy that makes mindset change possible.<\/p>\n<\/div>\n\n\n\n<div class=\"wp-block-column is-layout-flow wp-block-column-is-layout-flow\">\n<h3 class=\"wp-block-heading klammer\">Initiating cultural change<\/h3>\n\n\n\n<p>Change requires enthusiasm. As an anchor for cultural work, we develop values and a strong belief. With a new narrative and paradox interventions, we create an interest in the big picture.<\/p>\n<\/div>\n\n\n\n<div class=\"wp-block-column is-layout-flow wp-block-column-is-layout-flow\">\n<h3 class=\"wp-block-heading klammer\">Strengthening the culture<\/h3>\n\n\n\n<p>The quickest way to unlearn old patterns is to adopt new and more successful behavior. We get started with new KPIs, activating management events and multiplier training.<\/p>\n<\/div>\n<\/div>\n\n\n\n<div class=\"wp-block-columns is-layout-flex wp-container-core-columns-is-layout-9d6595d7 wp-block-columns-is-layout-flex\">\n<div class=\"wp-block-column is-layout-flow wp-block-column-is-layout-flow\">\n<h3 class=\"wp-block-heading\"><mark style=\"background-color:rgba(0, 0, 0, 0);color:#fe7c00\" class=\"has-inline-color\">What&#8217;s driving you right now?<\/mark><\/h3>\n\n\n\n<ul class=\"wp-block-list\">\n<li>Digital transformation &#8211; how to support?<\/li>\n\n\n\n<li>How can we become more entrepreneurial and innovative?<\/li>\n\n\n\n<li>Is there a lack of spontaneous communication now that everyone is working from home?<\/li>\n\n\n\n<li>Signs of the Great Resignation and Great Exhausting &#8211; how can we counteract this?<\/li>\n\n\n\n<li>Home office of white-collar employees versus presence culture &#8211; multi-class society?<\/li>\n\n\n\n<li>How do we achieve a consistent management culture?<\/li>\n\n\n\n<li>How do we achieve an inclusive culture in which everyone can thrive?<\/li>\n<\/ul>\n<\/div>\n\n\n\n<div class=\"wp-block-column is-layout-flow wp-block-column-is-layout-flow\">\n<h3 class=\"wp-block-heading\"><mark style=\"background-color:rgba(0, 0, 0, 0);color:#ff7c00\" class=\"has-inline-color\">How do we get started?<\/mark><\/h3>\n\n\n\n<ul class=\"wp-block-list\">\n<li>Culture kick-off: What is &#8211; what should be?<\/li>\n\n\n\n<li>Board interviews and dialog groups<\/li>\n\n\n\n<li>On the track of culture with <a href=\"https:\/\/www.identifire.at\/en\/what\/workshops\/discover-corporate-culture-eigenland\" target=\"_blank\" rel=\"noreferrer noopener\">eigenland<sup>\u00ae<\/sup><\/a><\/li>\n\n\n\n<li>Establishing values and a motto for cultural work<\/li>\n\n\n\n<li>Management and multiplier training<\/li>\n\n\n\n<li>Leadership conference or leadership jam<\/li>\n\n\n\n<li>Developing leadership principals<\/li>\n\n\n\n<li>Internal communication with new formats\/channels<\/li>\n\n\n\n<li>Playing on places of collaboration<\/li>\n\n\n\n<li>Work on mindset, skillset, toolset<\/li>\n<\/ul>\n<\/div>\n<\/div>\n","protected":false},"excerpt":{"rendered":"<p>Corporate culture can be a showstopper when digitisation or changed market conditions demand flexibility. It becomes a real brake when people don&#8217;t see the sense behind a necessary change. It can also become an engine, however, when a new mindset emerges from the brand and strategy. &nbsp; Getting to know the culture We identify behavioral [&hellip;]<\/p>\n","protected":false},"author":5,"featured_media":0,"parent":5985,"menu_order":4,"comment_status":"closed","ping_status":"closed","template":"","meta":{"_acf_changed":true,"footnotes":""},"class_list":["post-5767","page","type-page","status-publish","hentry"],"acf":[],"yoast_head":"<!-- This site is optimized with the Yoast SEO plugin v27.4 - https:\/\/yoast.com\/product\/yoast-seo-wordpress\/ -->\n<title>Corporate Culture: Is your culture an engine or a brake? - Identifire<\/title>\n<meta name=\"robots\" content=\"index, follow, max-snippet:-1, max-image-preview:large, max-video-preview:-1\" \/>\n<link rel=\"canonical\" href=\"https:\/\/www.identifire.at\/en\/what\/corporate-culture\" \/>\n<meta property=\"og:locale\" content=\"en_US\" \/>\n<meta property=\"og:type\" content=\"article\" \/>\n<meta property=\"og:title\" content=\"Corporate Culture: Is your culture an engine or a brake? - Identifire\" \/>\n<meta property=\"og:description\" content=\"Corporate culture can be a showstopper when digitisation or changed market conditions demand flexibility. It becomes a real brake when people don&#8217;t see the sense behind a necessary change. It can also become an engine, however, when a new mindset emerges from the brand and strategy. &nbsp; Getting to know the culture We identify behavioral [&hellip;]\" \/>\n<meta property=\"og:url\" content=\"https:\/\/www.identifire.at\/en\/what\/corporate-culture\" \/>\n<meta property=\"og:site_name\" content=\"Identifire\" \/>\n<meta property=\"article:modified_time\" content=\"2026-03-05T15:59:31+00:00\" \/>\n<meta property=\"og:image\" content=\"https:\/\/www.identifire.at\/wp-content\/uploads\/2020\/11\/Corporate-culture-identifire.jpg\" \/>\n\t<meta property=\"og:image:width\" content=\"780\" \/>\n\t<meta property=\"og:image:height\" content=\"442\" \/>\n\t<meta property=\"og:image:type\" content=\"image\/jpeg\" \/>\n<meta name=\"twitter:card\" content=\"summary_large_image\" \/>\n<meta name=\"twitter:label1\" content=\"Est. reading time\" \/>\n\t<meta name=\"twitter:data1\" content=\"2 minutes\" \/>\n<script type=\"application\/ld+json\" class=\"yoast-schema-graph\">{\"@context\":\"https:\\\/\\\/schema.org\",\"@graph\":[{\"@type\":\"WebPage\",\"@id\":\"https:\\\/\\\/www.identifire.at\\\/en\\\/what\\\/corporate-culture\",\"url\":\"https:\\\/\\\/www.identifire.at\\\/en\\\/what\\\/corporate-culture\",\"name\":\"Corporate Culture: Is your culture an engine or a brake? - Identifire\",\"isPartOf\":{\"@id\":\"https:\\\/\\\/www.identifire.at\\\/#website\"},\"primaryImageOfPage\":{\"@id\":\"https:\\\/\\\/www.identifire.at\\\/en\\\/what\\\/corporate-culture#primaryimage\"},\"image\":{\"@id\":\"https:\\\/\\\/www.identifire.at\\\/en\\\/what\\\/corporate-culture#primaryimage\"},\"thumbnailUrl\":\"https:\\\/\\\/www.identifire.at\\\/wp-content\\\/uploads\\\/2020\\\/11\\\/Corporate-culture-identifire.jpg\",\"datePublished\":\"2018-11-21T10:57:49+00:00\",\"dateModified\":\"2026-03-05T15:59:31+00:00\",\"breadcrumb\":{\"@id\":\"https:\\\/\\\/www.identifire.at\\\/en\\\/what\\\/corporate-culture#breadcrumb\"},\"inLanguage\":\"en-US\",\"potentialAction\":[{\"@type\":\"ReadAction\",\"target\":[\"https:\\\/\\\/www.identifire.at\\\/en\\\/what\\\/corporate-culture\"]}]},{\"@type\":\"ImageObject\",\"inLanguage\":\"en-US\",\"@id\":\"https:\\\/\\\/www.identifire.at\\\/en\\\/what\\\/corporate-culture#primaryimage\",\"url\":\"https:\\\/\\\/www.identifire.at\\\/wp-content\\\/uploads\\\/2020\\\/11\\\/Corporate-culture-identifire.jpg\",\"contentUrl\":\"https:\\\/\\\/www.identifire.at\\\/wp-content\\\/uploads\\\/2020\\\/11\\\/Corporate-culture-identifire.jpg\"},{\"@type\":\"BreadcrumbList\",\"@id\":\"https:\\\/\\\/www.identifire.at\\\/en\\\/what\\\/corporate-culture#breadcrumb\",\"itemListElement\":[{\"@type\":\"ListItem\",\"position\":1,\"name\":\"Startseite\",\"item\":\"https:\\\/\\\/www.identifire.at\\\/en\"},{\"@type\":\"ListItem\",\"position\":2,\"name\":\"Services\",\"item\":\"https:\\\/\\\/www.identifire.at\\\/was\"},{\"@type\":\"ListItem\",\"position\":3,\"name\":\"Corporate Culture: Is your culture an engine or a brake?\"}]},{\"@type\":\"WebSite\",\"@id\":\"https:\\\/\\\/www.identifire.at\\\/#website\",\"url\":\"https:\\\/\\\/www.identifire.at\\\/\",\"name\":\"Identifire\",\"description\":\"\u00d6sterreichs 1. Employer Branding Agentur. In 15 Jahren konnten wir bereits \u00fcber 300 Kunden dabei unterst\u00fctzen, ihre Corporate Culture nachhaltig zu verbessern.\",\"potentialAction\":[{\"@type\":\"SearchAction\",\"target\":{\"@type\":\"EntryPoint\",\"urlTemplate\":\"https:\\\/\\\/www.identifire.at\\\/?s={search_term_string}\"},\"query-input\":{\"@type\":\"PropertyValueSpecification\",\"valueRequired\":true,\"valueName\":\"search_term_string\"}}],\"inLanguage\":\"en-US\"}]}<\/script>\n<!-- \/ Yoast SEO plugin. -->","yoast_head_json":{"title":"Corporate Culture: Is your culture an engine or a brake? - Identifire","robots":{"index":"index","follow":"follow","max-snippet":"max-snippet:-1","max-image-preview":"max-image-preview:large","max-video-preview":"max-video-preview:-1"},"canonical":"https:\/\/www.identifire.at\/en\/what\/corporate-culture","og_locale":"en_US","og_type":"article","og_title":"Corporate Culture: Is your culture an engine or a brake? - Identifire","og_description":"Corporate culture can be a showstopper when digitisation or changed market conditions demand flexibility. It becomes a real brake when people don&#8217;t see the sense behind a necessary change. It can also become an engine, however, when a new mindset emerges from the brand and strategy. &nbsp; Getting to know the culture We identify behavioral [&hellip;]","og_url":"https:\/\/www.identifire.at\/en\/what\/corporate-culture","og_site_name":"Identifire","article_modified_time":"2026-03-05T15:59:31+00:00","og_image":[{"width":780,"height":442,"url":"https:\/\/www.identifire.at\/wp-content\/uploads\/2020\/11\/Corporate-culture-identifire.jpg","type":"image\/jpeg"}],"twitter_card":"summary_large_image","twitter_misc":{"Est. reading time":"2 minutes"},"schema":{"@context":"https:\/\/schema.org","@graph":[{"@type":"WebPage","@id":"https:\/\/www.identifire.at\/en\/what\/corporate-culture","url":"https:\/\/www.identifire.at\/en\/what\/corporate-culture","name":"Corporate Culture: Is your culture an engine or a brake? - Identifire","isPartOf":{"@id":"https:\/\/www.identifire.at\/#website"},"primaryImageOfPage":{"@id":"https:\/\/www.identifire.at\/en\/what\/corporate-culture#primaryimage"},"image":{"@id":"https:\/\/www.identifire.at\/en\/what\/corporate-culture#primaryimage"},"thumbnailUrl":"https:\/\/www.identifire.at\/wp-content\/uploads\/2020\/11\/Corporate-culture-identifire.jpg","datePublished":"2018-11-21T10:57:49+00:00","dateModified":"2026-03-05T15:59:31+00:00","breadcrumb":{"@id":"https:\/\/www.identifire.at\/en\/what\/corporate-culture#breadcrumb"},"inLanguage":"en-US","potentialAction":[{"@type":"ReadAction","target":["https:\/\/www.identifire.at\/en\/what\/corporate-culture"]}]},{"@type":"ImageObject","inLanguage":"en-US","@id":"https:\/\/www.identifire.at\/en\/what\/corporate-culture#primaryimage","url":"https:\/\/www.identifire.at\/wp-content\/uploads\/2020\/11\/Corporate-culture-identifire.jpg","contentUrl":"https:\/\/www.identifire.at\/wp-content\/uploads\/2020\/11\/Corporate-culture-identifire.jpg"},{"@type":"BreadcrumbList","@id":"https:\/\/www.identifire.at\/en\/what\/corporate-culture#breadcrumb","itemListElement":[{"@type":"ListItem","position":1,"name":"Startseite","item":"https:\/\/www.identifire.at\/en"},{"@type":"ListItem","position":2,"name":"Services","item":"https:\/\/www.identifire.at\/was"},{"@type":"ListItem","position":3,"name":"Corporate Culture: Is your culture an engine or a brake?"}]},{"@type":"WebSite","@id":"https:\/\/www.identifire.at\/#website","url":"https:\/\/www.identifire.at\/","name":"Identifire","description":"\u00d6sterreichs 1. Employer Branding Agentur. In 15 Jahren konnten wir bereits \u00fcber 300 Kunden dabei unterst\u00fctzen, ihre Corporate Culture nachhaltig zu verbessern.","potentialAction":[{"@type":"SearchAction","target":{"@type":"EntryPoint","urlTemplate":"https:\/\/www.identifire.at\/?s={search_term_string}"},"query-input":{"@type":"PropertyValueSpecification","valueRequired":true,"valueName":"search_term_string"}}],"inLanguage":"en-US"}]}},"_links":{"self":[{"href":"https:\/\/www.identifire.at\/en\/wp-json\/wp\/v2\/pages\/5767","targetHints":{"allow":["GET"]}}],"collection":[{"href":"https:\/\/www.identifire.at\/en\/wp-json\/wp\/v2\/pages"}],"about":[{"href":"https:\/\/www.identifire.at\/en\/wp-json\/wp\/v2\/types\/page"}],"author":[{"embeddable":true,"href":"https:\/\/www.identifire.at\/en\/wp-json\/wp\/v2\/users\/5"}],"replies":[{"embeddable":true,"href":"https:\/\/www.identifire.at\/en\/wp-json\/wp\/v2\/comments?post=5767"}],"version-history":[{"count":0,"href":"https:\/\/www.identifire.at\/en\/wp-json\/wp\/v2\/pages\/5767\/revisions"}],"up":[{"embeddable":true,"href":"https:\/\/www.identifire.at\/en\/wp-json\/wp\/v2\/pages\/5985"}],"wp:attachment":[{"href":"https:\/\/www.identifire.at\/en\/wp-json\/wp\/v2\/media?parent=5767"}],"curies":[{"name":"wp","href":"https:\/\/api.w.org\/{rel}","templated":true}]}}