{"id":5597,"date":"2018-11-16T18:14:31","date_gmt":"2018-11-16T16:14:31","guid":{"rendered":"https:\/\/www.identifire.at?page_id=5597"},"modified":"2026-03-05T18:01:21","modified_gmt":"2026-03-05T16:01:21","slug":"employer-branding","status":"publish","type":"page","link":"https:\/\/www.identifire.at\/en\/what\/employer-branding","title":{"rendered":"Employer Branding: Are you sharp enough as an employer?"},"content":{"rendered":"\n<div class=\"wp-block-columns has-2-columns is-layout-flex wp-container-core-columns-is-layout-9d6595d7 wp-block-columns-is-layout-flex\">\n<div class=\"wp-block-column is-layout-flow wp-block-column-is-layout-flow\">\n<figure class=\"wp-block-image\"><img decoding=\"async\" src=\"https:\/\/www.identifire.at\/wp-content\/uploads\/2018\/11\/EB_Herz_Brand_klein16_9-768x432.jpg\" alt=\"\" class=\"wp-image-5566\"\/><\/figure>\n\n\n\n<p><\/p>\n<\/div>\n\n\n\n<div class=\"wp-block-column is-layout-flow wp-block-column-is-layout-flow\">\n<p>The economy is humming and in the jobs market the race for qualified personnel is getting closer. Do you question how you as an employer can get ahead of the competition in this situation and score some wins? Through a sharper employer brand that delivers what it promises, so you can recruit and retain the right talents. <\/p>\n<\/div>\n<\/div>\n\n\n\n<div class=\"wp-block-columns has-3-columns is-layout-flex wp-container-core-columns-is-layout-9d6595d7 wp-block-columns-is-layout-flex\">\n<div class=\"wp-block-column is-layout-flow wp-block-column-is-layout-flow\">\n<h3 class=\"wp-block-heading klammer\">Analyse<\/h3>\n\n\n\n<p>We dive deep into your employer DNA. We use interviews, focus groups, desk research and a focused look at the competition to draw out the crucial insights.  <\/p>\n<\/div>\n\n\n\n<div class=\"wp-block-column is-layout-flow wp-block-column-is-layout-flow\">\n<h3 class=\"wp-block-heading klammer\">Position<\/h3>\n\n\n\n<p>We get to the heart of your employer brand via our 3+1 brand focus. 3 values as the behavioural compass. 1 motto as the lighthouse. And an employer promise that\u2019s solid as a rock.<\/p>\n<\/div>\n\n\n\n<div class=\"wp-block-column is-layout-flow wp-block-column-is-layout-flow\">\n<h3 class=\"wp-block-heading klammer\">Implement<\/h3>\n\n\n\n<p>From the careers site to employee events and the Careers Ambassador programme: we bring your employer brand to life for your employees \u2013 from the minute they start to the minute they depart. <\/p>\n<\/div>\n<\/div>\n","protected":false},"excerpt":{"rendered":"<p>The economy is humming and in the jobs market the race for qualified personnel is getting closer. Do you question how you as an employer can get ahead of the competition in this situation and score some wins? Through a sharper employer brand that delivers what it promises, so you can recruit and retain the [&hellip;]<\/p>\n","protected":false},"author":5,"featured_media":6531,"parent":5985,"menu_order":2,"comment_status":"closed","ping_status":"closed","template":"","meta":{"_acf_changed":true,"footnotes":""},"class_list":["post-5597","page","type-page","status-publish","has-post-thumbnail","hentry"],"acf":[],"yoast_head":"<!-- This site is optimized with the Yoast SEO plugin v27.3 - https:\/\/yoast.com\/product\/yoast-seo-wordpress\/ -->\n<title>Employer Branding: Are you sharp enough as an employer? - Identifire<\/title>\n<meta name=\"robots\" content=\"index, follow, max-snippet:-1, max-image-preview:large, max-video-preview:-1\" \/>\n<link rel=\"canonical\" href=\"https:\/\/www.identifire.at\/en\/what\/employer-branding\" \/>\n<meta property=\"og:locale\" content=\"en_US\" \/>\n<meta property=\"og:type\" content=\"article\" \/>\n<meta property=\"og:title\" content=\"Employer Branding: Are you sharp enough as an employer? - Identifire\" \/>\n<meta property=\"og:description\" content=\"The economy is humming and in the jobs market the race for qualified personnel is getting closer. Do you question how you as an employer can get ahead of the competition in this situation and score some wins? Through a sharper employer brand that delivers what it promises, so you can recruit and retain the [&hellip;]\" \/>\n<meta property=\"og:url\" content=\"https:\/\/www.identifire.at\/en\/what\/employer-branding\" \/>\n<meta property=\"og:site_name\" content=\"Identifire\" \/>\n<meta property=\"article:modified_time\" content=\"2026-03-05T16:01:21+00:00\" \/>\n<meta property=\"og:image\" content=\"https:\/\/www.identifire.at\/wp-content\/uploads\/2018\/11\/EB_Herz_Brand_klein16_9-1-e1594818610929.jpg\" \/>\n\t<meta property=\"og:image:width\" content=\"4107\" \/>\n\t<meta property=\"og:image:height\" content=\"2462\" \/>\n\t<meta property=\"og:image:type\" content=\"image\/jpeg\" \/>\n<meta name=\"twitter:card\" content=\"summary_large_image\" \/>\n<meta name=\"twitter:label1\" content=\"Est. reading time\" \/>\n\t<meta name=\"twitter:data1\" content=\"2 minutes\" \/>\n<script type=\"application\/ld+json\" class=\"yoast-schema-graph\">{\"@context\":\"https:\\\/\\\/schema.org\",\"@graph\":[{\"@type\":\"WebPage\",\"@id\":\"https:\\\/\\\/www.identifire.at\\\/en\\\/what\\\/employer-branding\",\"url\":\"https:\\\/\\\/www.identifire.at\\\/en\\\/what\\\/employer-branding\",\"name\":\"Employer Branding: Are you sharp enough as an employer? - Identifire\",\"isPartOf\":{\"@id\":\"https:\\\/\\\/www.identifire.at\\\/#website\"},\"primaryImageOfPage\":{\"@id\":\"https:\\\/\\\/www.identifire.at\\\/en\\\/what\\\/employer-branding#primaryimage\"},\"image\":{\"@id\":\"https:\\\/\\\/www.identifire.at\\\/en\\\/what\\\/employer-branding#primaryimage\"},\"thumbnailUrl\":\"https:\\\/\\\/www.identifire.at\\\/wp-content\\\/uploads\\\/2018\\\/11\\\/EB_Herz_Brand_klein16_9-1-e1594818610929.jpg\",\"datePublished\":\"2018-11-16T16:14:31+00:00\",\"dateModified\":\"2026-03-05T16:01:21+00:00\",\"breadcrumb\":{\"@id\":\"https:\\\/\\\/www.identifire.at\\\/en\\\/what\\\/employer-branding#breadcrumb\"},\"inLanguage\":\"en-US\",\"potentialAction\":[{\"@type\":\"ReadAction\",\"target\":[\"https:\\\/\\\/www.identifire.at\\\/en\\\/what\\\/employer-branding\"]}]},{\"@type\":\"ImageObject\",\"inLanguage\":\"en-US\",\"@id\":\"https:\\\/\\\/www.identifire.at\\\/en\\\/what\\\/employer-branding#primaryimage\",\"url\":\"https:\\\/\\\/www.identifire.at\\\/wp-content\\\/uploads\\\/2018\\\/11\\\/EB_Herz_Brand_klein16_9-1-e1594818610929.jpg\",\"contentUrl\":\"https:\\\/\\\/www.identifire.at\\\/wp-content\\\/uploads\\\/2018\\\/11\\\/EB_Herz_Brand_klein16_9-1-e1594818610929.jpg\",\"width\":4107,\"height\":2462,\"caption\":\"i love my brand foto employer branding identifire\"},{\"@type\":\"BreadcrumbList\",\"@id\":\"https:\\\/\\\/www.identifire.at\\\/en\\\/what\\\/employer-branding#breadcrumb\",\"itemListElement\":[{\"@type\":\"ListItem\",\"position\":1,\"name\":\"Startseite\",\"item\":\"https:\\\/\\\/www.identifire.at\\\/en\"},{\"@type\":\"ListItem\",\"position\":2,\"name\":\"Services\",\"item\":\"https:\\\/\\\/www.identifire.at\\\/was\"},{\"@type\":\"ListItem\",\"position\":3,\"name\":\"Employer Branding: Are you sharp enough as an employer?\"}]},{\"@type\":\"WebSite\",\"@id\":\"https:\\\/\\\/www.identifire.at\\\/#website\",\"url\":\"https:\\\/\\\/www.identifire.at\\\/\",\"name\":\"Identifire\",\"description\":\"\u00d6sterreichs 1. Employer Branding Agentur. In 15 Jahren konnten wir bereits \u00fcber 300 Kunden dabei unterst\u00fctzen, ihre Corporate Culture nachhaltig zu verbessern.\",\"potentialAction\":[{\"@type\":\"SearchAction\",\"target\":{\"@type\":\"EntryPoint\",\"urlTemplate\":\"https:\\\/\\\/www.identifire.at\\\/?s={search_term_string}\"},\"query-input\":{\"@type\":\"PropertyValueSpecification\",\"valueRequired\":true,\"valueName\":\"search_term_string\"}}],\"inLanguage\":\"en-US\"}]}<\/script>\n<!-- \/ Yoast SEO plugin. -->","yoast_head_json":{"title":"Employer Branding: Are you sharp enough as an employer? - Identifire","robots":{"index":"index","follow":"follow","max-snippet":"max-snippet:-1","max-image-preview":"max-image-preview:large","max-video-preview":"max-video-preview:-1"},"canonical":"https:\/\/www.identifire.at\/en\/what\/employer-branding","og_locale":"en_US","og_type":"article","og_title":"Employer Branding: Are you sharp enough as an employer? - Identifire","og_description":"The economy is humming and in the jobs market the race for qualified personnel is getting closer. Do you question how you as an employer can get ahead of the competition in this situation and score some wins? Through a sharper employer brand that delivers what it promises, so you can recruit and retain the [&hellip;]","og_url":"https:\/\/www.identifire.at\/en\/what\/employer-branding","og_site_name":"Identifire","article_modified_time":"2026-03-05T16:01:21+00:00","og_image":[{"width":4107,"height":2462,"url":"https:\/\/www.identifire.at\/wp-content\/uploads\/2018\/11\/EB_Herz_Brand_klein16_9-1-e1594818610929.jpg","type":"image\/jpeg"}],"twitter_card":"summary_large_image","twitter_misc":{"Est. reading time":"2 minutes"},"schema":{"@context":"https:\/\/schema.org","@graph":[{"@type":"WebPage","@id":"https:\/\/www.identifire.at\/en\/what\/employer-branding","url":"https:\/\/www.identifire.at\/en\/what\/employer-branding","name":"Employer Branding: Are you sharp enough as an employer? - Identifire","isPartOf":{"@id":"https:\/\/www.identifire.at\/#website"},"primaryImageOfPage":{"@id":"https:\/\/www.identifire.at\/en\/what\/employer-branding#primaryimage"},"image":{"@id":"https:\/\/www.identifire.at\/en\/what\/employer-branding#primaryimage"},"thumbnailUrl":"https:\/\/www.identifire.at\/wp-content\/uploads\/2018\/11\/EB_Herz_Brand_klein16_9-1-e1594818610929.jpg","datePublished":"2018-11-16T16:14:31+00:00","dateModified":"2026-03-05T16:01:21+00:00","breadcrumb":{"@id":"https:\/\/www.identifire.at\/en\/what\/employer-branding#breadcrumb"},"inLanguage":"en-US","potentialAction":[{"@type":"ReadAction","target":["https:\/\/www.identifire.at\/en\/what\/employer-branding"]}]},{"@type":"ImageObject","inLanguage":"en-US","@id":"https:\/\/www.identifire.at\/en\/what\/employer-branding#primaryimage","url":"https:\/\/www.identifire.at\/wp-content\/uploads\/2018\/11\/EB_Herz_Brand_klein16_9-1-e1594818610929.jpg","contentUrl":"https:\/\/www.identifire.at\/wp-content\/uploads\/2018\/11\/EB_Herz_Brand_klein16_9-1-e1594818610929.jpg","width":4107,"height":2462,"caption":"i love my brand foto employer branding identifire"},{"@type":"BreadcrumbList","@id":"https:\/\/www.identifire.at\/en\/what\/employer-branding#breadcrumb","itemListElement":[{"@type":"ListItem","position":1,"name":"Startseite","item":"https:\/\/www.identifire.at\/en"},{"@type":"ListItem","position":2,"name":"Services","item":"https:\/\/www.identifire.at\/was"},{"@type":"ListItem","position":3,"name":"Employer Branding: Are you sharp enough as an employer?"}]},{"@type":"WebSite","@id":"https:\/\/www.identifire.at\/#website","url":"https:\/\/www.identifire.at\/","name":"Identifire","description":"\u00d6sterreichs 1. Employer Branding Agentur. In 15 Jahren konnten wir bereits \u00fcber 300 Kunden dabei unterst\u00fctzen, ihre Corporate Culture nachhaltig zu verbessern.","potentialAction":[{"@type":"SearchAction","target":{"@type":"EntryPoint","urlTemplate":"https:\/\/www.identifire.at\/?s={search_term_string}"},"query-input":{"@type":"PropertyValueSpecification","valueRequired":true,"valueName":"search_term_string"}}],"inLanguage":"en-US"}]}},"_links":{"self":[{"href":"https:\/\/www.identifire.at\/en\/wp-json\/wp\/v2\/pages\/5597","targetHints":{"allow":["GET"]}}],"collection":[{"href":"https:\/\/www.identifire.at\/en\/wp-json\/wp\/v2\/pages"}],"about":[{"href":"https:\/\/www.identifire.at\/en\/wp-json\/wp\/v2\/types\/page"}],"author":[{"embeddable":true,"href":"https:\/\/www.identifire.at\/en\/wp-json\/wp\/v2\/users\/5"}],"replies":[{"embeddable":true,"href":"https:\/\/www.identifire.at\/en\/wp-json\/wp\/v2\/comments?post=5597"}],"version-history":[{"count":0,"href":"https:\/\/www.identifire.at\/en\/wp-json\/wp\/v2\/pages\/5597\/revisions"}],"up":[{"embeddable":true,"href":"https:\/\/www.identifire.at\/en\/wp-json\/wp\/v2\/pages\/5985"}],"wp:featuredmedia":[{"embeddable":true,"href":"https:\/\/www.identifire.at\/en\/wp-json\/wp\/v2\/media\/6531"}],"wp:attachment":[{"href":"https:\/\/www.identifire.at\/en\/wp-json\/wp\/v2\/media?parent=5597"}],"curies":[{"name":"wp","href":"https:\/\/api.w.org\/{rel}","templated":true}]}}