{"id":15042,"date":"2026-03-04T10:42:02","date_gmt":"2026-03-04T08:42:02","guid":{"rendered":"https:\/\/www.identifire.at\/?page_id=15042"},"modified":"2026-03-04T11:58:09","modified_gmt":"2026-03-04T09:58:09","slug":"power-hours","status":"publish","type":"page","link":"https:\/\/www.identifire.at\/en\/our-events\/power-hours","title":{"rendered":"Power Hours"},"content":{"rendered":"\n<div style=\"height:39px\" aria-hidden=\"true\" class=\"wp-block-spacer\"><\/div>\n\n\n\n<p>Our Power Hours are the espresso format for cultural and employer branding issues:<br>45 minutes of focus instead of buzzword bingo. Practical experience instead of cultural platitudes.<br><br>We share genuine insights, proven methods, and clear ideas that stick.<br>In short: little time, big impact.<\/p>\n\n\n\n<div class=\"wp-block-columns is-layout-flex wp-container-core-columns-is-layout-9d6595d7 wp-block-columns-is-layout-flex\">\n<div class=\"wp-block-column is-layout-flow wp-block-column-is-layout-flow\">\n<h2 class=\"wp-block-heading\">Power Hour Eigenland\u00ae<\/h2>\n\n\n\n<div style=\"height:43px\" aria-hidden=\"true\" class=\"wp-block-spacer\"><\/div>\n\n\n\n<p>Eigenland\u00ae is a method that motivates people, makes attitudes tangible, and reveals areas of tension. It appeals to both numbers-oriented people and gut-decision makers. Within a few hours, the areas for action are clear and the first ideas for improvement have been developed.<br><br>Karin Krobath and Dijana Susilovic lead these Power Hours. Dijana brings her practical development perspective from Boehringer Ingelheim, while Karin contributes her experience in strategic cultural work. Both know that starting from within is the only way to succeed.<\/p>\n<\/div>\n<\/div>\n\n\n\n<div class=\"wp-block-columns is-layout-flex wp-container-core-columns-is-layout-9d6595d7 wp-block-columns-is-layout-flex\">\n<div class=\"wp-block-column is-layout-flow wp-block-column-is-layout-flow\">\n<div class=\"wp-block-buttons is-content-justification-center is-layout-flex wp-container-core-buttons-is-layout-16018d1d wp-block-buttons-is-layout-flex\">\n<div class=\"wp-block-button\"><a class=\"wp-block-button__link has-background wp-element-button\" href=\"https:\/\/www.identifire.at\/en\/what\/workshops\/kultur-entdecken-eigenland-2\" style=\"background-color:#fd7c00\"><strong>Secure your spot now!<\/strong><\/a><\/div>\n<\/div>\n<\/div>\n<\/div>\n\n\n\n<div style=\"height:63px\" aria-hidden=\"true\" class=\"wp-block-spacer\"><\/div>\n\n\n\n<p><strong>Who can you ask about this?<\/strong><br><strong>Karin Krobath<\/strong>, 0699 10 77 66 11, <a href=\"mailto:ralf.tometschek@identifire.at\" target=\"_blank\" rel=\"noreferrer noopener\">karin.krobath@identifire.at<\/a><\/p>\n\n\n","protected":false},"excerpt":{"rendered":"<p>Our Power Hours are the espresso format for cultural and employer branding issues:45 minutes of focus instead of buzzword bingo. Practical experience instead of cultural platitudes. We share genuine insights, proven methods, and clear ideas that stick.In short: little time, big impact. Power Hour Eigenland\u00ae Eigenland\u00ae is a method that motivates people, makes attitudes tangible, [&hellip;]<\/p>\n","protected":false},"author":5,"featured_media":4290,"parent":6012,"menu_order":0,"comment_status":"closed","ping_status":"closed","template":"","meta":{"_acf_changed":false,"footnotes":""},"class_list":["post-15042","page","type-page","status-publish","has-post-thumbnail","hentry"],"acf":[],"yoast_head":"<!-- This site is optimized with the Yoast SEO plugin v27.3 - https:\/\/yoast.com\/product\/yoast-seo-wordpress\/ -->\n<title>Power Hours on corporate culture &amp; employer branding<\/title>\n<meta name=\"description\" content=\"Experience our Power Hours on Eigenland\u00ae and cultural careers: compact 45-minute sessions on corporate culture, employer positioning, and effective methods. Register now and shape your culture strategically.\" \/>\n<meta name=\"robots\" content=\"index, follow, max-snippet:-1, max-image-preview:large, max-video-preview:-1\" \/>\n<link rel=\"canonical\" href=\"https:\/\/www.identifire.at\/en\/our-events\/power-hours\" \/>\n<meta property=\"og:locale\" content=\"en_US\" \/>\n<meta property=\"og:type\" content=\"article\" \/>\n<meta property=\"og:title\" content=\"Power Hours on corporate culture &amp; employer branding\" \/>\n<meta property=\"og:description\" content=\"Experience our Power Hours on Eigenland\u00ae and cultural careers: compact 45-minute sessions on corporate culture, employer positioning, and effective methods. Register now and shape your culture strategically.\" \/>\n<meta property=\"og:url\" content=\"https:\/\/www.identifire.at\/en\/our-events\/power-hours\" \/>\n<meta property=\"og:site_name\" content=\"Identifire\" \/>\n<meta property=\"article:modified_time\" content=\"2026-03-04T09:58:09+00:00\" \/>\n<meta property=\"og:image\" content=\"https:\/\/www.identifire.at\/wp-content\/uploads\/2017\/01\/CCC-08.11-2016-Fotos-WEB-17.jpg\" \/>\n\t<meta property=\"og:image:width\" content=\"1920\" \/>\n\t<meta property=\"og:image:height\" content=\"1280\" \/>\n\t<meta property=\"og:image:type\" content=\"image\/jpeg\" \/>\n<meta name=\"twitter:card\" content=\"summary_large_image\" \/>\n<meta name=\"twitter:label1\" content=\"Est. reading time\" \/>\n\t<meta name=\"twitter:data1\" content=\"2 minutes\" \/>\n<script type=\"application\/ld+json\" class=\"yoast-schema-graph\">{\"@context\":\"https:\\\/\\\/schema.org\",\"@graph\":[{\"@type\":\"WebPage\",\"@id\":\"https:\\\/\\\/www.identifire.at\\\/en\\\/our-events\\\/power-hours\",\"url\":\"https:\\\/\\\/www.identifire.at\\\/en\\\/our-events\\\/power-hours\",\"name\":\"Power Hours on corporate culture & employer branding\",\"isPartOf\":{\"@id\":\"https:\\\/\\\/www.identifire.at\\\/#website\"},\"primaryImageOfPage\":{\"@id\":\"https:\\\/\\\/www.identifire.at\\\/en\\\/our-events\\\/power-hours#primaryimage\"},\"image\":{\"@id\":\"https:\\\/\\\/www.identifire.at\\\/en\\\/our-events\\\/power-hours#primaryimage\"},\"thumbnailUrl\":\"https:\\\/\\\/www.identifire.at\\\/wp-content\\\/uploads\\\/2017\\\/01\\\/CCC-08.11-2016-Fotos-WEB-17.jpg\",\"datePublished\":\"2026-03-04T08:42:02+00:00\",\"dateModified\":\"2026-03-04T09:58:09+00:00\",\"description\":\"Experience our Power Hours on Eigenland\u00ae and cultural careers: compact 45-minute sessions on corporate culture, employer positioning, and effective methods. Register now and shape your culture strategically.\",\"breadcrumb\":{\"@id\":\"https:\\\/\\\/www.identifire.at\\\/en\\\/our-events\\\/power-hours#breadcrumb\"},\"inLanguage\":\"en-US\",\"potentialAction\":[{\"@type\":\"ReadAction\",\"target\":[\"https:\\\/\\\/www.identifire.at\\\/en\\\/our-events\\\/power-hours\"]}]},{\"@type\":\"ImageObject\",\"inLanguage\":\"en-US\",\"@id\":\"https:\\\/\\\/www.identifire.at\\\/en\\\/our-events\\\/power-hours#primaryimage\",\"url\":\"https:\\\/\\\/www.identifire.at\\\/wp-content\\\/uploads\\\/2017\\\/01\\\/CCC-08.11-2016-Fotos-WEB-17.jpg\",\"contentUrl\":\"https:\\\/\\\/www.identifire.at\\\/wp-content\\\/uploads\\\/2017\\\/01\\\/CCC-08.11-2016-Fotos-WEB-17.jpg\",\"width\":1920,\"height\":1280},{\"@type\":\"BreadcrumbList\",\"@id\":\"https:\\\/\\\/www.identifire.at\\\/en\\\/our-events\\\/power-hours#breadcrumb\",\"itemListElement\":[{\"@type\":\"ListItem\",\"position\":1,\"name\":\"Startseite\",\"item\":\"https:\\\/\\\/www.identifire.at\\\/en\"},{\"@type\":\"ListItem\",\"position\":2,\"name\":\"Our Events\",\"item\":\"https:\\\/\\\/www.identifire.at\\\/en\\\/our-events\"},{\"@type\":\"ListItem\",\"position\":3,\"name\":\"Power Hours\"}]},{\"@type\":\"WebSite\",\"@id\":\"https:\\\/\\\/www.identifire.at\\\/#website\",\"url\":\"https:\\\/\\\/www.identifire.at\\\/\",\"name\":\"Identifire\",\"description\":\"\u00d6sterreichs 1. Employer Branding Agentur. In 15 Jahren konnten wir bereits \u00fcber 300 Kunden dabei unterst\u00fctzen, ihre Corporate Culture nachhaltig zu verbessern.\",\"potentialAction\":[{\"@type\":\"SearchAction\",\"target\":{\"@type\":\"EntryPoint\",\"urlTemplate\":\"https:\\\/\\\/www.identifire.at\\\/?s={search_term_string}\"},\"query-input\":{\"@type\":\"PropertyValueSpecification\",\"valueRequired\":true,\"valueName\":\"search_term_string\"}}],\"inLanguage\":\"en-US\"}]}<\/script>\n<!-- \/ Yoast SEO plugin. -->","yoast_head_json":{"title":"Power Hours on corporate culture & employer branding","description":"Experience our Power Hours on Eigenland\u00ae and cultural careers: compact 45-minute sessions on corporate culture, employer positioning, and effective methods. Register now and shape your culture strategically.","robots":{"index":"index","follow":"follow","max-snippet":"max-snippet:-1","max-image-preview":"max-image-preview:large","max-video-preview":"max-video-preview:-1"},"canonical":"https:\/\/www.identifire.at\/en\/our-events\/power-hours","og_locale":"en_US","og_type":"article","og_title":"Power Hours on corporate culture & employer branding","og_description":"Experience our Power Hours on Eigenland\u00ae and cultural careers: compact 45-minute sessions on corporate culture, employer positioning, and effective methods. Register now and shape your culture strategically.","og_url":"https:\/\/www.identifire.at\/en\/our-events\/power-hours","og_site_name":"Identifire","article_modified_time":"2026-03-04T09:58:09+00:00","og_image":[{"width":1920,"height":1280,"url":"https:\/\/www.identifire.at\/wp-content\/uploads\/2017\/01\/CCC-08.11-2016-Fotos-WEB-17.jpg","type":"image\/jpeg"}],"twitter_card":"summary_large_image","twitter_misc":{"Est. reading time":"2 minutes"},"schema":{"@context":"https:\/\/schema.org","@graph":[{"@type":"WebPage","@id":"https:\/\/www.identifire.at\/en\/our-events\/power-hours","url":"https:\/\/www.identifire.at\/en\/our-events\/power-hours","name":"Power Hours on corporate culture & employer branding","isPartOf":{"@id":"https:\/\/www.identifire.at\/#website"},"primaryImageOfPage":{"@id":"https:\/\/www.identifire.at\/en\/our-events\/power-hours#primaryimage"},"image":{"@id":"https:\/\/www.identifire.at\/en\/our-events\/power-hours#primaryimage"},"thumbnailUrl":"https:\/\/www.identifire.at\/wp-content\/uploads\/2017\/01\/CCC-08.11-2016-Fotos-WEB-17.jpg","datePublished":"2026-03-04T08:42:02+00:00","dateModified":"2026-03-04T09:58:09+00:00","description":"Experience our Power Hours on Eigenland\u00ae and cultural careers: compact 45-minute sessions on corporate culture, employer positioning, and effective methods. Register now and shape your culture strategically.","breadcrumb":{"@id":"https:\/\/www.identifire.at\/en\/our-events\/power-hours#breadcrumb"},"inLanguage":"en-US","potentialAction":[{"@type":"ReadAction","target":["https:\/\/www.identifire.at\/en\/our-events\/power-hours"]}]},{"@type":"ImageObject","inLanguage":"en-US","@id":"https:\/\/www.identifire.at\/en\/our-events\/power-hours#primaryimage","url":"https:\/\/www.identifire.at\/wp-content\/uploads\/2017\/01\/CCC-08.11-2016-Fotos-WEB-17.jpg","contentUrl":"https:\/\/www.identifire.at\/wp-content\/uploads\/2017\/01\/CCC-08.11-2016-Fotos-WEB-17.jpg","width":1920,"height":1280},{"@type":"BreadcrumbList","@id":"https:\/\/www.identifire.at\/en\/our-events\/power-hours#breadcrumb","itemListElement":[{"@type":"ListItem","position":1,"name":"Startseite","item":"https:\/\/www.identifire.at\/en"},{"@type":"ListItem","position":2,"name":"Our Events","item":"https:\/\/www.identifire.at\/en\/our-events"},{"@type":"ListItem","position":3,"name":"Power Hours"}]},{"@type":"WebSite","@id":"https:\/\/www.identifire.at\/#website","url":"https:\/\/www.identifire.at\/","name":"Identifire","description":"\u00d6sterreichs 1. Employer Branding Agentur. In 15 Jahren konnten wir bereits \u00fcber 300 Kunden dabei unterst\u00fctzen, ihre Corporate Culture nachhaltig zu verbessern.","potentialAction":[{"@type":"SearchAction","target":{"@type":"EntryPoint","urlTemplate":"https:\/\/www.identifire.at\/?s={search_term_string}"},"query-input":{"@type":"PropertyValueSpecification","valueRequired":true,"valueName":"search_term_string"}}],"inLanguage":"en-US"}]}},"_links":{"self":[{"href":"https:\/\/www.identifire.at\/en\/wp-json\/wp\/v2\/pages\/15042","targetHints":{"allow":["GET"]}}],"collection":[{"href":"https:\/\/www.identifire.at\/en\/wp-json\/wp\/v2\/pages"}],"about":[{"href":"https:\/\/www.identifire.at\/en\/wp-json\/wp\/v2\/types\/page"}],"author":[{"embeddable":true,"href":"https:\/\/www.identifire.at\/en\/wp-json\/wp\/v2\/users\/5"}],"replies":[{"embeddable":true,"href":"https:\/\/www.identifire.at\/en\/wp-json\/wp\/v2\/comments?post=15042"}],"version-history":[{"count":0,"href":"https:\/\/www.identifire.at\/en\/wp-json\/wp\/v2\/pages\/15042\/revisions"}],"up":[{"embeddable":true,"href":"https:\/\/www.identifire.at\/en\/wp-json\/wp\/v2\/pages\/6012"}],"wp:featuredmedia":[{"embeddable":true,"href":"https:\/\/www.identifire.at\/en\/wp-json\/wp\/v2\/media\/4290"}],"wp:attachment":[{"href":"https:\/\/www.identifire.at\/en\/wp-json\/wp\/v2\/media?parent=15042"}],"curies":[{"name":"wp","href":"https:\/\/api.w.org\/{rel}","templated":true}]}}