{"id":14007,"date":"2025-03-13T13:23:58","date_gmt":"2025-03-13T11:23:58","guid":{"rendered":"https:\/\/www.identifire.at\/?page_id=14007"},"modified":"2026-02-25T15:50:43","modified_gmt":"2026-02-25T13:50:43","slug":"culture_and_career","status":"publish","type":"page","link":"https:\/\/www.identifire.at\/en\/what\/culture_and_career","title":{"rendered":"Culture &amp; Career: Are your Culture Champions stuck without a Career Path?"},"content":{"rendered":"\n<div style=\"height:55px\" aria-hidden=\"true\" class=\"wp-block-spacer\"><\/div>\n\n\n\n<div class=\"wp-block-columns has-2-columns is-layout-flex wp-container-core-columns-is-layout-9d6595d7 wp-block-columns-is-layout-flex\">\n<div class=\"wp-block-column is-layout-flow wp-block-column-is-layout-flow\">\n<figure class=\"wp-block-image size-full\"><a href=\"https:\/\/www.identifire.at\/wp-content\/uploads\/2025\/03\/Kulturkarriere-Grafik-mit-englischen-Text-mit-c-1.png\"><img loading=\"lazy\" decoding=\"async\" width=\"1500\" height=\"1125\" src=\"https:\/\/www.identifire.at\/wp-content\/uploads\/2025\/03\/Kulturkarriere-Grafik-mit-englischen-Text-mit-c-1.png\" alt=\"\" class=\"wp-image-14060\" srcset=\"https:\/\/www.identifire.at\/wp-content\/uploads\/2025\/03\/Kulturkarriere-Grafik-mit-englischen-Text-mit-c-1.png 1500w, https:\/\/www.identifire.at\/wp-content\/uploads\/2025\/03\/Kulturkarriere-Grafik-mit-englischen-Text-mit-c-1-300x225.png 300w, https:\/\/www.identifire.at\/wp-content\/uploads\/2025\/03\/Kulturkarriere-Grafik-mit-englischen-Text-mit-c-1-1024x768.png 1024w, https:\/\/www.identifire.at\/wp-content\/uploads\/2025\/03\/Kulturkarriere-Grafik-mit-englischen-Text-mit-c-1-768x576.png 768w, https:\/\/www.identifire.at\/wp-content\/uploads\/2025\/03\/Kulturkarriere-Grafik-mit-englischen-Text-mit-c-1-90x68.png 90w, https:\/\/www.identifire.at\/wp-content\/uploads\/2025\/03\/Kulturkarriere-Grafik-mit-englischen-Text-mit-c-1-1200x900.png 1200w\" sizes=\"auto, (max-width: 709px) 85vw, (max-width: 909px) 67vw, (max-width: 1362px) 62vw, 840px\" \/><\/a><\/figure>\n<\/div>\n\n\n\n<div class=\"wp-block-column is-layout-flow wp-block-column-is-layout-flow\">\n<p>Companies value strong cultures, but most only offer two career tracks: leadership or technical expertise. What about those who drive culture, foster collaboration, and build engagement?<\/p>\n\n\n\n<p>It\u2019s time for a third development path: a structured, strategic way to recognize and grow your culture leaders with defined responsibilities, qualifications, and career milestones.<\/p>\n\n\n\n<p><br><\/p>\n<\/div>\n<\/div>\n\n\n\n<div class=\"wp-block-columns has-3-columns custom-column10 is-layout-flex wp-container-core-columns-is-layout-9d6595d7 wp-block-columns-is-layout-flex\">\n<div class=\"wp-block-column is-layout-flow wp-block-column-is-layout-flow\">\n<h3 class=\"wp-block-heading klammer\">Thinking About Culture Careers Strategically<\/h3>\n\n\n\n<p>People who actively foster a positive atmosphere and a healthy corporate culture are more important than ever. We work with you to define the framework and requirements for this third development path\u2014tailored to your company\u2019s needs.<\/p>\n<\/div>\n\n\n\n<div class=\"wp-block-column is-layout-flow wp-block-column-is-layout-flow\">\n<h3 class=\"wp-block-heading klammer\">Developing Culture Roles&nbsp;<\/h3>\n\n\n\n<p>Together, we identify those positively behavior-driven individuals who are best suited for a culture career and equip them with internal, external, and specially designed training programs\u2014preparing them for their cultural career journey.<\/p>\n<\/div>\n\n\n\n<div class=\"wp-block-column is-layout-flow wp-block-column-is-layout-flow\">\n<h3 class=\"wp-block-heading klammer\">Buddy, Mentor, Ambassador&nbsp;<\/h3>\n\n\n\n<p>What roles fit your company best? And how can they be integrated as an additional resource alongside leadership in the medium and long term? The best ideas emerge through a collaborative process and ongoing sparring.<\/p>\n<\/div>\n<\/div>\n\n\n\n<h2 class=\"wp-block-heading has-luminous-vivid-orange-color has-text-color has-link-color wp-elements-4cc9b38465c6b179b32acd1e69f30dc9\">More infos needed?<\/h2>\n\n\n\n<div style=\"height:36px\" aria-hidden=\"true\" class=\"wp-block-spacer\"><\/div>\n\n\n\n<p>Reach out for an appointment with Karin: <a href=\"mailto:karin.krobath@identifire.at\">karin.krobath@identifire.at<\/a><\/p>\n\n\n\n<p><\/p>\n\n\n\n<h2 class=\"wp-block-heading has-luminous-vivid-orange-color has-text-color has-large-font-size\">Concept Paper: Culture Career <\/h2>\n\n\n\n<h3 class=\"wp-block-heading has-black-color has-text-color has-medium-font-size\">Download some inspiration here!<\/h3>\n\n\n\n<div style=\"height:30px\" aria-hidden=\"true\" class=\"wp-block-spacer\"><\/div>\n\n\n\n<div class=\"wp-block-media-text alignwide is-stacked-on-mobile\" style=\"grid-template-columns:28% auto\"><figure class=\"wp-block-media-text__media\"><a href=\"https:\/\/www.identifire.at\/whitepaper-so-knacken-sie-den-code-im-it-recruiting\"><img loading=\"lazy\" decoding=\"async\" width=\"600\" height=\"850\" src=\"https:\/\/www.identifire.at\/wp-content\/uploads\/2025\/03\/Concept-paper-mit-Rahmen.png\" alt=\"\" class=\"wp-image-14111 size-full\" srcset=\"https:\/\/www.identifire.at\/wp-content\/uploads\/2025\/03\/Concept-paper-mit-Rahmen.png 600w, https:\/\/www.identifire.at\/wp-content\/uploads\/2025\/03\/Concept-paper-mit-Rahmen-212x300.png 212w, https:\/\/www.identifire.at\/wp-content\/uploads\/2025\/03\/Concept-paper-mit-Rahmen-90x128.png 90w\" sizes=\"auto, (max-width: 600px) 85vw, 600px\" \/><\/a><\/figure><div class=\"wp-block-media-text__content\">\n<p><strong>How do you establish a culture career in your company?<\/strong><br><br>Karin Krobath and Karin Ramsebner-Greunz demonstrate how companies can strategically anchor cultural work and offer dedicated \u201cculture people\u201d a real development perspective.<\/p>\n\n\n\n<p>They reveal:<\/p>\n\n\n\n<ul class=\"wp-block-list\">\n<li>Why cultural work is a must-have, not just a nice-to-have<\/li>\n\n\n\n<li>Why culture roles complement leadership and technical career paths<\/li>\n\n\n\n<li>The business benefits of engaged culture leaders<\/li>\n\n\n\n<li>First steps to implementing a Culture Career framework<\/li>\n\n\n\n<li>How to build a culture movement driven by courage, enthusiasm, and clear career paths<\/li>\n<\/ul>\n\n\n\n<div class=\"wp-block-buttons is-content-justification-center is-layout-flex wp-container-core-buttons-is-layout-16018d1d wp-block-buttons-is-layout-flex\">\n<div class=\"wp-block-button has-custom-font-size is-style-fill has-medium-font-size\"><a class=\"wp-block-button__link has-luminous-vivid-orange-background-color has-background wp-element-button\" href=\"https:\/\/www.identifire.at\/en\/culture-and-career-concept-paper\" target=\"_blank\" rel=\"noreferrer noopener\"><strong>Download<\/strong><\/a><\/div>\n<\/div>\n<\/div><\/div>\n","protected":false},"excerpt":{"rendered":"<p>Companies value strong cultures, but most only offer two career tracks: leadership or technical expertise. What about those who drive culture, foster collaboration, and build engagement? It\u2019s time for a third development path: a structured, strategic way to recognize and grow your culture leaders with defined responsibilities, qualifications, and career milestones. Thinking About Culture Careers [&hellip;]<\/p>\n","protected":false},"author":5,"featured_media":0,"parent":5985,"menu_order":8,"comment_status":"closed","ping_status":"closed","template":"","meta":{"_acf_changed":true,"footnotes":""},"class_list":["post-14007","page","type-page","status-publish","hentry"],"acf":[],"yoast_head":"<!-- This site is optimized with the Yoast SEO plugin v27.4 - https:\/\/yoast.com\/product\/yoast-seo-wordpress\/ -->\n<title>Culture &amp; Career: Are your Culture Champions stuck without a Career Path?<\/title>\n<meta name=\"description\" content=\"It\u2019s time for a third development path: a structured, strategic way to recognize and grow your culture leaders with defined responsibilities, qualifications, and career milestones.\" \/>\n<meta name=\"robots\" content=\"index, follow, max-snippet:-1, max-image-preview:large, max-video-preview:-1\" \/>\n<link rel=\"canonical\" href=\"https:\/\/www.identifire.at\/en\/what\/culture_and_career\" \/>\n<meta property=\"og:locale\" content=\"en_US\" \/>\n<meta property=\"og:type\" content=\"article\" \/>\n<meta property=\"og:title\" content=\"Culture &amp; Career: Are your Culture Champions stuck without a Career Path?\" \/>\n<meta property=\"og:description\" content=\"It\u2019s time for a third development path: a structured, strategic way to recognize and grow your culture leaders with defined responsibilities, qualifications, and career milestones.\" \/>\n<meta property=\"og:url\" content=\"https:\/\/www.identifire.at\/en\/what\/culture_and_career\" \/>\n<meta property=\"og:site_name\" content=\"Identifire\" \/>\n<meta property=\"article:modified_time\" content=\"2026-02-25T13:50:43+00:00\" \/>\n<meta property=\"og:image\" content=\"https:\/\/www.identifire.at\/wp-content\/uploads\/2025\/03\/Kulturkarriere-Grafik-mit-englischen-Text-mit-c-1.png\" \/>\n\t<meta property=\"og:image:width\" content=\"1500\" \/>\n\t<meta property=\"og:image:height\" content=\"1125\" \/>\n\t<meta property=\"og:image:type\" content=\"image\/png\" \/>\n<meta name=\"twitter:card\" content=\"summary_large_image\" \/>\n<meta name=\"twitter:label1\" content=\"Est. reading time\" \/>\n\t<meta name=\"twitter:data1\" content=\"2 minutes\" \/>\n<script type=\"application\/ld+json\" class=\"yoast-schema-graph\">{\"@context\":\"https:\\\/\\\/schema.org\",\"@graph\":[{\"@type\":\"WebPage\",\"@id\":\"https:\\\/\\\/www.identifire.at\\\/en\\\/what\\\/culture_and_career\",\"url\":\"https:\\\/\\\/www.identifire.at\\\/en\\\/what\\\/culture_and_career\",\"name\":\"Culture &amp; Career: Are your Culture Champions stuck without a Career Path?\",\"isPartOf\":{\"@id\":\"https:\\\/\\\/www.identifire.at\\\/#website\"},\"primaryImageOfPage\":{\"@id\":\"https:\\\/\\\/www.identifire.at\\\/en\\\/what\\\/culture_and_career#primaryimage\"},\"image\":{\"@id\":\"https:\\\/\\\/www.identifire.at\\\/en\\\/what\\\/culture_and_career#primaryimage\"},\"thumbnailUrl\":\"https:\\\/\\\/www.identifire.at\\\/wp-content\\\/uploads\\\/2025\\\/03\\\/Kulturkarriere-Grafik-mit-englischen-Text-mit-c-1.png\",\"datePublished\":\"2025-03-13T11:23:58+00:00\",\"dateModified\":\"2026-02-25T13:50:43+00:00\",\"description\":\"It\u2019s time for a third development path: a structured, strategic way to recognize and grow your culture leaders with defined responsibilities, qualifications, and career milestones.\",\"breadcrumb\":{\"@id\":\"https:\\\/\\\/www.identifire.at\\\/en\\\/what\\\/culture_and_career#breadcrumb\"},\"inLanguage\":\"en-US\",\"potentialAction\":[{\"@type\":\"ReadAction\",\"target\":[\"https:\\\/\\\/www.identifire.at\\\/en\\\/what\\\/culture_and_career\"]}]},{\"@type\":\"ImageObject\",\"inLanguage\":\"en-US\",\"@id\":\"https:\\\/\\\/www.identifire.at\\\/en\\\/what\\\/culture_and_career#primaryimage\",\"url\":\"https:\\\/\\\/www.identifire.at\\\/wp-content\\\/uploads\\\/2025\\\/03\\\/Kulturkarriere-Grafik-mit-englischen-Text-mit-c-1.png\",\"contentUrl\":\"https:\\\/\\\/www.identifire.at\\\/wp-content\\\/uploads\\\/2025\\\/03\\\/Kulturkarriere-Grafik-mit-englischen-Text-mit-c-1.png\"},{\"@type\":\"BreadcrumbList\",\"@id\":\"https:\\\/\\\/www.identifire.at\\\/en\\\/what\\\/culture_and_career#breadcrumb\",\"itemListElement\":[{\"@type\":\"ListItem\",\"position\":1,\"name\":\"Startseite\",\"item\":\"https:\\\/\\\/www.identifire.at\\\/en\"},{\"@type\":\"ListItem\",\"position\":2,\"name\":\"Services\",\"item\":\"https:\\\/\\\/www.identifire.at\\\/was\"},{\"@type\":\"ListItem\",\"position\":3,\"name\":\"Culture &amp; Career: Are your Culture Champions stuck without a Career Path?\"}]},{\"@type\":\"WebSite\",\"@id\":\"https:\\\/\\\/www.identifire.at\\\/#website\",\"url\":\"https:\\\/\\\/www.identifire.at\\\/\",\"name\":\"Identifire\",\"description\":\"\u00d6sterreichs 1. Employer Branding Agentur. In 15 Jahren konnten wir bereits \u00fcber 300 Kunden dabei unterst\u00fctzen, ihre Corporate Culture nachhaltig zu verbessern.\",\"potentialAction\":[{\"@type\":\"SearchAction\",\"target\":{\"@type\":\"EntryPoint\",\"urlTemplate\":\"https:\\\/\\\/www.identifire.at\\\/?s={search_term_string}\"},\"query-input\":{\"@type\":\"PropertyValueSpecification\",\"valueRequired\":true,\"valueName\":\"search_term_string\"}}],\"inLanguage\":\"en-US\"}]}<\/script>\n<!-- \/ Yoast SEO plugin. -->","yoast_head_json":{"title":"Culture &amp; Career: Are your Culture Champions stuck without a Career Path?","description":"It\u2019s time for a third development path: a structured, strategic way to recognize and grow your culture leaders with defined responsibilities, qualifications, and career milestones.","robots":{"index":"index","follow":"follow","max-snippet":"max-snippet:-1","max-image-preview":"max-image-preview:large","max-video-preview":"max-video-preview:-1"},"canonical":"https:\/\/www.identifire.at\/en\/what\/culture_and_career","og_locale":"en_US","og_type":"article","og_title":"Culture &amp; Career: Are your Culture Champions stuck without a Career Path?","og_description":"It\u2019s time for a third development path: a structured, strategic way to recognize and grow your culture leaders with defined responsibilities, qualifications, and career milestones.","og_url":"https:\/\/www.identifire.at\/en\/what\/culture_and_career","og_site_name":"Identifire","article_modified_time":"2026-02-25T13:50:43+00:00","og_image":[{"width":1500,"height":1125,"url":"https:\/\/www.identifire.at\/wp-content\/uploads\/2025\/03\/Kulturkarriere-Grafik-mit-englischen-Text-mit-c-1.png","type":"image\/png"}],"twitter_card":"summary_large_image","twitter_misc":{"Est. reading time":"2 minutes"},"schema":{"@context":"https:\/\/schema.org","@graph":[{"@type":"WebPage","@id":"https:\/\/www.identifire.at\/en\/what\/culture_and_career","url":"https:\/\/www.identifire.at\/en\/what\/culture_and_career","name":"Culture &amp; Career: Are your Culture Champions stuck without a Career Path?","isPartOf":{"@id":"https:\/\/www.identifire.at\/#website"},"primaryImageOfPage":{"@id":"https:\/\/www.identifire.at\/en\/what\/culture_and_career#primaryimage"},"image":{"@id":"https:\/\/www.identifire.at\/en\/what\/culture_and_career#primaryimage"},"thumbnailUrl":"https:\/\/www.identifire.at\/wp-content\/uploads\/2025\/03\/Kulturkarriere-Grafik-mit-englischen-Text-mit-c-1.png","datePublished":"2025-03-13T11:23:58+00:00","dateModified":"2026-02-25T13:50:43+00:00","description":"It\u2019s time for a third development path: a structured, strategic way to recognize and grow your culture leaders with defined responsibilities, qualifications, and career milestones.","breadcrumb":{"@id":"https:\/\/www.identifire.at\/en\/what\/culture_and_career#breadcrumb"},"inLanguage":"en-US","potentialAction":[{"@type":"ReadAction","target":["https:\/\/www.identifire.at\/en\/what\/culture_and_career"]}]},{"@type":"ImageObject","inLanguage":"en-US","@id":"https:\/\/www.identifire.at\/en\/what\/culture_and_career#primaryimage","url":"https:\/\/www.identifire.at\/wp-content\/uploads\/2025\/03\/Kulturkarriere-Grafik-mit-englischen-Text-mit-c-1.png","contentUrl":"https:\/\/www.identifire.at\/wp-content\/uploads\/2025\/03\/Kulturkarriere-Grafik-mit-englischen-Text-mit-c-1.png"},{"@type":"BreadcrumbList","@id":"https:\/\/www.identifire.at\/en\/what\/culture_and_career#breadcrumb","itemListElement":[{"@type":"ListItem","position":1,"name":"Startseite","item":"https:\/\/www.identifire.at\/en"},{"@type":"ListItem","position":2,"name":"Services","item":"https:\/\/www.identifire.at\/was"},{"@type":"ListItem","position":3,"name":"Culture &amp; Career: Are your Culture Champions stuck without a Career Path?"}]},{"@type":"WebSite","@id":"https:\/\/www.identifire.at\/#website","url":"https:\/\/www.identifire.at\/","name":"Identifire","description":"\u00d6sterreichs 1. Employer Branding Agentur. In 15 Jahren konnten wir bereits \u00fcber 300 Kunden dabei unterst\u00fctzen, ihre Corporate Culture nachhaltig zu verbessern.","potentialAction":[{"@type":"SearchAction","target":{"@type":"EntryPoint","urlTemplate":"https:\/\/www.identifire.at\/?s={search_term_string}"},"query-input":{"@type":"PropertyValueSpecification","valueRequired":true,"valueName":"search_term_string"}}],"inLanguage":"en-US"}]}},"_links":{"self":[{"href":"https:\/\/www.identifire.at\/en\/wp-json\/wp\/v2\/pages\/14007","targetHints":{"allow":["GET"]}}],"collection":[{"href":"https:\/\/www.identifire.at\/en\/wp-json\/wp\/v2\/pages"}],"about":[{"href":"https:\/\/www.identifire.at\/en\/wp-json\/wp\/v2\/types\/page"}],"author":[{"embeddable":true,"href":"https:\/\/www.identifire.at\/en\/wp-json\/wp\/v2\/users\/5"}],"replies":[{"embeddable":true,"href":"https:\/\/www.identifire.at\/en\/wp-json\/wp\/v2\/comments?post=14007"}],"version-history":[{"count":0,"href":"https:\/\/www.identifire.at\/en\/wp-json\/wp\/v2\/pages\/14007\/revisions"}],"up":[{"embeddable":true,"href":"https:\/\/www.identifire.at\/en\/wp-json\/wp\/v2\/pages\/5985"}],"wp:attachment":[{"href":"https:\/\/www.identifire.at\/en\/wp-json\/wp\/v2\/media?parent=14007"}],"curies":[{"name":"wp","href":"https:\/\/api.w.org\/{rel}","templated":true}]}}