{"id":12261,"date":"2023-05-15T15:42:02","date_gmt":"2023-05-15T13:42:02","guid":{"rendered":"https:\/\/www.identifire.at\/?page_id=12261"},"modified":"2025-11-11T09:58:02","modified_gmt":"2025-11-11T07:58:02","slug":"corporate-culture-club","status":"publish","type":"page","link":"https:\/\/www.identifire.at\/en\/our-events\/corporate-culture-club","title":{"rendered":"Corporate Culture Club"},"content":{"rendered":"\n<div style=\"height:39px\" aria-hidden=\"true\" class=\"wp-block-spacer\"><\/div>\n\n\n\n<p>Our Corporate Culture Club has been the information platform for corporate culture since 2006. You want to be part of it? Read more here.<\/p>\n\n\n\n<div class=\"wp-block-columns is-layout-flex wp-container-core-columns-is-layout-9d6595d7 wp-block-columns-is-layout-flex\">\n<div class=\"wp-block-column is-layout-flow wp-block-column-is-layout-flow\">\n<p><strong>Who or what is the Corporate Culture Club?<\/strong><\/p>\n\n\n\n<p>The Corporate Culture Club (CCC) is an information platform for all those to whom the topic of corporate culture and brand is important. Membership is non-binding and free of charge.<\/p>\n<\/div>\n\n\n\n<div class=\"wp-block-column is-layout-flow wp-block-column-is-layout-flow\">\n<figure class=\"wp-block-image size-large\"><img decoding=\"async\" src=\"https:\/\/www.identifire.at\/wp-content\/uploads\/2015\/12\/CCC_Logo_4c_office.png\" alt=\"\"\/><\/figure>\n<\/div>\n<\/div>\n\n\n\n<p><strong>Who can participate?<\/strong><\/p>\n\n\n\n<p>The Corporate Culture Club is aimed at executives, HR managers, and cultural designers who shape employer branding and corporate culture in their companies and organizations. Consultants are only invited in exceptional cases.<\/p>\n\n\n\n<div class=\"wp-block-buttons has-custom-font-size has-medium-font-size is-content-justification-center is-layout-flex wp-container-core-buttons-is-layout-16018d1d wp-block-buttons-is-layout-flex\">\n<div class=\"wp-block-button\"><a class=\"wp-block-button__link has-background has-text-align-center wp-element-button\" href=\"mailto:hello@identifire.at\" style=\"background-color:#fd7c00\" target=\"_blank\" rel=\"noreferrer noopener\"><strong>I want to join!<\/strong><\/a><\/div>\n<\/div>\n\n\n\n<div style=\"height:63px\" aria-hidden=\"true\" class=\"wp-block-spacer\"><\/div>\n\n\n\n<p>Since 2006, HR managers and marketing\/communication professionals have been meeting at the CCC. It is precisely this mix that makes the 3-4 annual meetings exciting &amp; special. Currently, around 100 people attend each event in Vienna, and around 50-60 people in the provinces.<\/p>\n\n\n\n<p><strong>What are the topics?<\/strong><\/p>\n\n\n\n<ul class=\"wp-block-list\">\n<li>Internal &amp; Employer Branding<\/li>\n\n\n\n<li>Corporate Culture<\/li>\n\n\n\n<li>Employees as brand ambassadors<\/li>\n\n\n\n<li>Brand-relevant leadership<\/li>\n\n\n\n<li>Brand in HR<\/li>\n\n\n\n<li>Innovation &amp; Agility<\/li>\n<\/ul>\n\n\n\n<p><strong>Which companies are represented, among others?<\/strong><\/p>\n\n\n\n<p>A1, Allianz, Austrian Airlines, AWO &#8211; Au\u00dfenwirtschaft \u00d6sterreich, Baxter, Canon, Casinos Austria, D.A. S, Deichmann, Erber Group, Erste Bank, EVN, Helvetia, Henkel, ING-DiBa, Kapsch, kika\/Leiner, MANZ Verlag, Microsoft, \u00d6AMTC, \u00d6BB, \u00d6sterreichische Post, \u00d6sterreich Werbung, OeKB Versicherung, OMV, Paylife, Prisma Kreditversicherung, Siemens, Str\u00f6ck, Styria Media Group, UniCredit Bank Austria, UPC, VAV, Verbund, Vieconsult, watchado, Wein &amp; Co, Wien Energie, Wiener Stadtwerke, Wirtschaftskammer \u00d6sterreich.<\/p>\n\n\n\n<p><strong>Who came up with the idea?<\/strong><\/p>\n\n\n\n<p>identifire organises the meetings, is open to suggestions for content and grateful for location offers. So far we have always been hosted by one of the participating companies (Allianz, Erste Bank, Industriellenvereinigung, Helvetia, Henkel, Prisma Kreditversicherung, PwC, Raiffeisen Bank International, T-Systems, Wein &amp; Co, Wien Energie, WKO etc.).<\/p>\n\n\n\n<p><strong>Who can you ask about this?<\/strong><br><strong>Karin Krobath<\/strong>, 0699 10 77 66 11, <a href=\"mailto:ralf.tometschek@identifire.at\" target=\"_blank\" rel=\"noreferrer noopener\">karin.krobath@identifire.at<\/a><\/p>\n\n\n","protected":false},"excerpt":{"rendered":"<p>Our Corporate Culture Club has been the information platform for corporate culture since 2006. You want to be part of it? Read more here. Who or what is the Corporate Culture Club? The Corporate Culture Club (CCC) is an information platform for all those to whom the topic of corporate culture and brand is important. [&hellip;]<\/p>\n","protected":false},"author":5,"featured_media":4290,"parent":6012,"menu_order":1,"comment_status":"closed","ping_status":"closed","template":"","meta":{"_acf_changed":false,"footnotes":""},"class_list":["post-12261","page","type-page","status-publish","has-post-thumbnail","hentry"],"acf":[],"yoast_head":"<!-- This site is optimized with the Yoast SEO plugin v27.3 - https:\/\/yoast.com\/product\/yoast-seo-wordpress\/ -->\n<title>CCC - Corporate Culture Club<\/title>\n<meta name=\"description\" content=\"The platform for marketing &amp; communication professionals. Everything on internal &amp; employer branding, employees as brand ambassadors.\" \/>\n<meta name=\"robots\" content=\"index, follow, max-snippet:-1, max-image-preview:large, max-video-preview:-1\" \/>\n<link rel=\"canonical\" href=\"https:\/\/www.identifire.at\/en\/our-events\/corporate-culture-club\" \/>\n<meta property=\"og:locale\" content=\"en_US\" \/>\n<meta property=\"og:type\" content=\"article\" \/>\n<meta property=\"og:title\" content=\"CCC - Corporate Culture Club\" \/>\n<meta property=\"og:description\" content=\"The platform for marketing &amp; communication professionals. Everything on internal &amp; employer branding, employees as brand ambassadors.\" \/>\n<meta property=\"og:url\" content=\"https:\/\/www.identifire.at\/en\/our-events\/corporate-culture-club\" \/>\n<meta property=\"og:site_name\" content=\"Identifire\" \/>\n<meta property=\"article:modified_time\" content=\"2025-11-11T07:58:02+00:00\" \/>\n<meta property=\"og:image\" content=\"https:\/\/www.identifire.at\/wp-content\/uploads\/2017\/01\/CCC-08.11-2016-Fotos-WEB-17.jpg\" \/>\n\t<meta property=\"og:image:width\" content=\"1920\" \/>\n\t<meta property=\"og:image:height\" content=\"1280\" \/>\n\t<meta property=\"og:image:type\" content=\"image\/jpeg\" \/>\n<meta name=\"twitter:card\" content=\"summary_large_image\" \/>\n<meta name=\"twitter:label1\" content=\"Est. reading time\" \/>\n\t<meta name=\"twitter:data1\" content=\"3 minutes\" \/>\n<script type=\"application\/ld+json\" class=\"yoast-schema-graph\">{\"@context\":\"https:\\\/\\\/schema.org\",\"@graph\":[{\"@type\":\"WebPage\",\"@id\":\"https:\\\/\\\/www.identifire.at\\\/en\\\/our-events\\\/corporate-culture-club\",\"url\":\"https:\\\/\\\/www.identifire.at\\\/en\\\/our-events\\\/corporate-culture-club\",\"name\":\"CCC - Corporate Culture Club\",\"isPartOf\":{\"@id\":\"https:\\\/\\\/www.identifire.at\\\/#website\"},\"primaryImageOfPage\":{\"@id\":\"https:\\\/\\\/www.identifire.at\\\/en\\\/our-events\\\/corporate-culture-club#primaryimage\"},\"image\":{\"@id\":\"https:\\\/\\\/www.identifire.at\\\/en\\\/our-events\\\/corporate-culture-club#primaryimage\"},\"thumbnailUrl\":\"https:\\\/\\\/www.identifire.at\\\/wp-content\\\/uploads\\\/2017\\\/01\\\/CCC-08.11-2016-Fotos-WEB-17.jpg\",\"datePublished\":\"2023-05-15T13:42:02+00:00\",\"dateModified\":\"2025-11-11T07:58:02+00:00\",\"description\":\"The platform for marketing & communication professionals. Everything on internal & employer branding, employees as brand ambassadors.\",\"breadcrumb\":{\"@id\":\"https:\\\/\\\/www.identifire.at\\\/en\\\/our-events\\\/corporate-culture-club#breadcrumb\"},\"inLanguage\":\"en-US\",\"potentialAction\":[{\"@type\":\"ReadAction\",\"target\":[\"https:\\\/\\\/www.identifire.at\\\/en\\\/our-events\\\/corporate-culture-club\"]}]},{\"@type\":\"ImageObject\",\"inLanguage\":\"en-US\",\"@id\":\"https:\\\/\\\/www.identifire.at\\\/en\\\/our-events\\\/corporate-culture-club#primaryimage\",\"url\":\"https:\\\/\\\/www.identifire.at\\\/wp-content\\\/uploads\\\/2017\\\/01\\\/CCC-08.11-2016-Fotos-WEB-17.jpg\",\"contentUrl\":\"https:\\\/\\\/www.identifire.at\\\/wp-content\\\/uploads\\\/2017\\\/01\\\/CCC-08.11-2016-Fotos-WEB-17.jpg\",\"width\":1920,\"height\":1280},{\"@type\":\"BreadcrumbList\",\"@id\":\"https:\\\/\\\/www.identifire.at\\\/en\\\/our-events\\\/corporate-culture-club#breadcrumb\",\"itemListElement\":[{\"@type\":\"ListItem\",\"position\":1,\"name\":\"Startseite\",\"item\":\"https:\\\/\\\/www.identifire.at\\\/en\"},{\"@type\":\"ListItem\",\"position\":2,\"name\":\"Our Events\",\"item\":\"https:\\\/\\\/www.identifire.at\\\/en\\\/our-events\"},{\"@type\":\"ListItem\",\"position\":3,\"name\":\"Corporate Culture Club\"}]},{\"@type\":\"WebSite\",\"@id\":\"https:\\\/\\\/www.identifire.at\\\/#website\",\"url\":\"https:\\\/\\\/www.identifire.at\\\/\",\"name\":\"Identifire\",\"description\":\"\u00d6sterreichs 1. Employer Branding Agentur. In 15 Jahren konnten wir bereits \u00fcber 300 Kunden dabei unterst\u00fctzen, ihre Corporate Culture nachhaltig zu verbessern.\",\"potentialAction\":[{\"@type\":\"SearchAction\",\"target\":{\"@type\":\"EntryPoint\",\"urlTemplate\":\"https:\\\/\\\/www.identifire.at\\\/?s={search_term_string}\"},\"query-input\":{\"@type\":\"PropertyValueSpecification\",\"valueRequired\":true,\"valueName\":\"search_term_string\"}}],\"inLanguage\":\"en-US\"}]}<\/script>\n<!-- \/ Yoast SEO plugin. -->","yoast_head_json":{"title":"CCC - Corporate Culture Club","description":"The platform for marketing & communication professionals. Everything on internal & employer branding, employees as brand ambassadors.","robots":{"index":"index","follow":"follow","max-snippet":"max-snippet:-1","max-image-preview":"max-image-preview:large","max-video-preview":"max-video-preview:-1"},"canonical":"https:\/\/www.identifire.at\/en\/our-events\/corporate-culture-club","og_locale":"en_US","og_type":"article","og_title":"CCC - Corporate Culture Club","og_description":"The platform for marketing & communication professionals. Everything on internal & employer branding, employees as brand ambassadors.","og_url":"https:\/\/www.identifire.at\/en\/our-events\/corporate-culture-club","og_site_name":"Identifire","article_modified_time":"2025-11-11T07:58:02+00:00","og_image":[{"width":1920,"height":1280,"url":"https:\/\/www.identifire.at\/wp-content\/uploads\/2017\/01\/CCC-08.11-2016-Fotos-WEB-17.jpg","type":"image\/jpeg"}],"twitter_card":"summary_large_image","twitter_misc":{"Est. reading time":"3 minutes"},"schema":{"@context":"https:\/\/schema.org","@graph":[{"@type":"WebPage","@id":"https:\/\/www.identifire.at\/en\/our-events\/corporate-culture-club","url":"https:\/\/www.identifire.at\/en\/our-events\/corporate-culture-club","name":"CCC - Corporate Culture Club","isPartOf":{"@id":"https:\/\/www.identifire.at\/#website"},"primaryImageOfPage":{"@id":"https:\/\/www.identifire.at\/en\/our-events\/corporate-culture-club#primaryimage"},"image":{"@id":"https:\/\/www.identifire.at\/en\/our-events\/corporate-culture-club#primaryimage"},"thumbnailUrl":"https:\/\/www.identifire.at\/wp-content\/uploads\/2017\/01\/CCC-08.11-2016-Fotos-WEB-17.jpg","datePublished":"2023-05-15T13:42:02+00:00","dateModified":"2025-11-11T07:58:02+00:00","description":"The platform for marketing & communication professionals. Everything on internal & employer branding, employees as brand ambassadors.","breadcrumb":{"@id":"https:\/\/www.identifire.at\/en\/our-events\/corporate-culture-club#breadcrumb"},"inLanguage":"en-US","potentialAction":[{"@type":"ReadAction","target":["https:\/\/www.identifire.at\/en\/our-events\/corporate-culture-club"]}]},{"@type":"ImageObject","inLanguage":"en-US","@id":"https:\/\/www.identifire.at\/en\/our-events\/corporate-culture-club#primaryimage","url":"https:\/\/www.identifire.at\/wp-content\/uploads\/2017\/01\/CCC-08.11-2016-Fotos-WEB-17.jpg","contentUrl":"https:\/\/www.identifire.at\/wp-content\/uploads\/2017\/01\/CCC-08.11-2016-Fotos-WEB-17.jpg","width":1920,"height":1280},{"@type":"BreadcrumbList","@id":"https:\/\/www.identifire.at\/en\/our-events\/corporate-culture-club#breadcrumb","itemListElement":[{"@type":"ListItem","position":1,"name":"Startseite","item":"https:\/\/www.identifire.at\/en"},{"@type":"ListItem","position":2,"name":"Our Events","item":"https:\/\/www.identifire.at\/en\/our-events"},{"@type":"ListItem","position":3,"name":"Corporate Culture Club"}]},{"@type":"WebSite","@id":"https:\/\/www.identifire.at\/#website","url":"https:\/\/www.identifire.at\/","name":"Identifire","description":"\u00d6sterreichs 1. Employer Branding Agentur. In 15 Jahren konnten wir bereits \u00fcber 300 Kunden dabei unterst\u00fctzen, ihre Corporate Culture nachhaltig zu verbessern.","potentialAction":[{"@type":"SearchAction","target":{"@type":"EntryPoint","urlTemplate":"https:\/\/www.identifire.at\/?s={search_term_string}"},"query-input":{"@type":"PropertyValueSpecification","valueRequired":true,"valueName":"search_term_string"}}],"inLanguage":"en-US"}]}},"_links":{"self":[{"href":"https:\/\/www.identifire.at\/en\/wp-json\/wp\/v2\/pages\/12261","targetHints":{"allow":["GET"]}}],"collection":[{"href":"https:\/\/www.identifire.at\/en\/wp-json\/wp\/v2\/pages"}],"about":[{"href":"https:\/\/www.identifire.at\/en\/wp-json\/wp\/v2\/types\/page"}],"author":[{"embeddable":true,"href":"https:\/\/www.identifire.at\/en\/wp-json\/wp\/v2\/users\/5"}],"replies":[{"embeddable":true,"href":"https:\/\/www.identifire.at\/en\/wp-json\/wp\/v2\/comments?post=12261"}],"version-history":[{"count":0,"href":"https:\/\/www.identifire.at\/en\/wp-json\/wp\/v2\/pages\/12261\/revisions"}],"up":[{"embeddable":true,"href":"https:\/\/www.identifire.at\/en\/wp-json\/wp\/v2\/pages\/6012"}],"wp:featuredmedia":[{"embeddable":true,"href":"https:\/\/www.identifire.at\/en\/wp-json\/wp\/v2\/media\/4290"}],"wp:attachment":[{"href":"https:\/\/www.identifire.at\/en\/wp-json\/wp\/v2\/media?parent=12261"}],"curies":[{"name":"wp","href":"https:\/\/api.w.org\/{rel}","templated":true}]}}